{"id":898,"date":"2021-05-04T09:20:58","date_gmt":"2021-05-04T09:20:58","guid":{"rendered":"https:\/\/clinicadrvilar.com\/v2\/?page_id=898"},"modified":"2026-02-22T12:29:13","modified_gmt":"2026-02-22T12:29:13","slug":"exploracio-i-diagnostic","status":"publish","type":"page","link":"https:\/\/clinicadrcasasvilar.com\/ca\/exploracion-y-diagnostico\/","title":{"rendered":"Exploraci\u00f3 i Diagn\u00f2stic"},"content":{"rendered":"<p><div class=\"fusion-fullwidth fullwidth-box fusion-builder-row-1 fusion-flex-container nonhundred-percent-fullwidth non-hundred-percent-height-scrolling\" style=\"--awb-border-radius-top-left:0px;--awb-border-radius-top-right:0px;--awb-border-radius-bottom-right:0px;--awb-border-radius-bottom-left:0px;--awb-padding-right-small:12px;--awb-padding-left-small:12px;--awb-flex-wrap:wrap;\" ><div class=\"fusion-builder-row fusion-row fusion-flex-align-items-flex-start fusion-flex-content-wrap\" style=\"max-width:1144px;margin-left: calc(-4% \/ 2 );margin-right: calc(-4% \/ 2 );\"><div class=\"fusion-layout-column fusion_builder_column fusion-builder-column-0 fusion_builder_column_1_1 1_1 fusion-flex-column\" style=\"--awb-bg-size:cover;--awb-width-large:100%;--awb-margin-top-large:0px;--awb-spacing-right-large:1.92%;--awb-margin-bottom-large:0px;--awb-spacing-left-large:1.92%;--awb-width-medium:100%;--awb-spacing-right-medium:1.92%;--awb-spacing-left-medium:1.92%;--awb-width-small:100%;--awb-spacing-right-small:1.92%;--awb-spacing-left-small:1.92%;\"><div class=\"fusion-column-wrapper fusion-flex-justify-content-flex-start fusion-content-layout-column\"><div class=\"fusion-title title fusion-title-1 fusion-title-center fusion-title-text fusion-title-size-one\" style=\"--awb-margin-top-small:0px;--awb-margin-right-small:0px;--awb-margin-bottom-small:20px;--awb-margin-left-small:0px;\"><div class=\"title-sep-container title-sep-container-left\"><div class=\"title-sep sep- sep-solid\" style=\"border-color:#eff3f9;\"><\/div><\/div><span class=\"awb-title-spacer\"><\/span><h1 class=\"fusion-title-heading title-heading-center\" style=\"margin:0;\">Exploraci\u00f3 i Diagn\u00f2stic<\/h1><span class=\"awb-title-spacer\"><\/span><div class=\"title-sep-container title-sep-container-right\"><div class=\"title-sep sep- sep-solid\" style=\"border-color:#eff3f9;\"><\/div><\/div><\/div><div class=\"fusion-text fusion-text-1\"><p style=\"text-align: justify;\">Quan el pacient va per primera vegada a la consulta, el dentista ha d&#039;explorar, a m\u00e9s de l&#039;estat de les dents i la pres\u00e8ncia de c\u00e0ries, la possible pres\u00e8ncia de malaltia periodontal i de sagnat de genives.<\/p>\n<p style=\"text-align: justify;\">La malaltia periodontal \u00e9s la primera causa de p\u00e8rdua dent\u00e0ria a la poblaci\u00f3 adulta encara que la major part de les persones no ho s\u00e0piguen. \u00c9s molt freq\u00fcent tenir problemes periodontals despr\u00e9s dels trenta anys. Aix\u00f2 vol dir que alguns pacients tindran problemes de major o menor gravetat d&#039;inflamaci\u00f3 de genives i p\u00e8rdua d&#039;os de suport de les dents.<\/p>\n<p style=\"text-align: justify;\">Malauradament fer el diagn\u00f2stic no sempre \u00e9s f\u00e0cil i tots sabem que en medicina dues persones no reaccionen sempre de la mateixa manera. El sagnat \u00e9s un dels s\u00edmptomes freq\u00fcents d&#039;inflamaci\u00f3 de genives, per\u00f2 no sempre hi \u00e9s present. \u00c9s habitual que les persones fumadores no presentin sagnat.<\/p>\n<p style=\"text-align: justify;\">\u00c9s per aix\u00f2 que quan visitem el dentista hem de preguntar-li sempre per la nostra salut de geniva.<\/p>\n<h4><img class=\"lazyload\" decoding=\"async\" src=\"data:image\/svg+xml,%3Csvg%20xmlns%3D%27http%3A%2F%2Fwww.w3.org%2F2000%2Fsvg%27%20width%3D%27355%27%20height%3D%27131%27%20viewBox%3D%270%200%20355%20131%27%3E%3Crect%20width%3D%27355%27%20height%3D%27131%27%20fill-opacity%3D%220%22%2F%3E%3C%2Fsvg%3E\" data-orig-src=\"https:\/\/clinicadrcasasvilar.com\/wp-content\/uploads\/2021\/06\/trata1.png\" alt=\"Problemes de genives sagnants\" width=\"355\" height=\"131\"><br \/>\n<em>Sonda mesurant una bossa<\/em><\/h4>\n<p style=\"text-align: justify;\">Per fer el diagn\u00f2stic \u00e9s indispensable l&#039;\u00fas de la <strong>Sonda Periodontal<\/strong>. La sonda \u00e9s un instrument de vital import\u00e0ncia per a la nostra salut. T\u00e9 un m\u00e0nec i una punta mil\u00b7limetrada amb punta roma per no punxar la geniva. Aquest instrument ha de ser adequadament utilitzat per mans expertes per obtenir-hi la informaci\u00f3 necess\u00e0ria.<\/p>\n<h4 class=\"one_half\"><img decoding=\"async\" class=\"lazyload alignnone size-full\" src=\"data:image\/svg+xml,%3Csvg%20xmlns%3D%27http%3A%2F%2Fwww.w3.org%2F2000%2Fsvg%27%20width%3D%27355%27%20height%3D%2778%27%20viewBox%3D%270%200%20355%2078%27%3E%3Crect%20width%3D%27355%27%20height%3D%2778%27%20fill-opacity%3D%220%22%2F%3E%3C%2Fsvg%3E\" data-orig-src=\"https:\/\/clinicadrcasasvilar.com\/wp-content\/uploads\/2021\/06\/trata2.png\" alt=\"tracta2\"><em><br \/>\nSonda graduada utilitzada per al diagn\u00f2stic periodontal<\/em><\/h4>\n<p style=\"text-align: justify;\">El professional haur\u00e0 d&#039;introduir la sonda a l&#039;espai existent entre la dent i la geniva. En condicions de salut, quan la geniva arriba a la dent forma un petit plec que s&#039;anomena Sulcus. Aquest plec ha de tenir un o dos mil\u00b7l\u00edmetres, per\u00f2 en situacions d&#039;inflamaci\u00f3 la uni\u00f3 epitelial que uneix la geniva a la dent, s&#039;afebleix i migra en profunditat, de manera que produeix una major profunditat d&#039;aquest plec. El plec inflamat i m\u00e9s profund s&#039;anomena <strong>Bossa Periodontal<\/strong>.<\/p>\n<p style=\"text-align: justify;\">La sonda mesurar\u00e0 en conseq\u00fc\u00e8ncia, la profunditat de la bossa periodontal, determinant mitjan\u00e7ant el seu gravat mil\u00b7limetrat la gravetat de la inflamaci\u00f3 i la p\u00e8rdua d'os existent, ja que perqu\u00e8 la uni\u00f3 de la geniva i dent migri cap avall, s'ha d'haver produ\u00eft pr\u00e8viament p\u00e8rdua d'os existent.<\/p>\n<p style=\"text-align: justify;\"><img decoding=\"async\" class=\"lazyload size-full wp-image-172 alignnone\" src=\"https:\/\/clinicadrcasasvilar.com\/wp-content\/uploads\/2021\/06\/trata3.png\" data-orig-src=\"https:\/\/clinicadrcasasvilar.com\/wp-content\/uploads\/2021\/06\/trata3.png\" data-sizes=\"auto\" data-orig-sizes=\"(max-width: 529px) 100vw, 529px\" srcset=\"data:image\/svg+xml,%3Csvg%20xmlns%3D%27http%3A%2F%2Fwww.w3.org%2F2000%2Fsvg%27%20width%3D%27529%27%20height%3D%27159%27%20viewBox%3D%270%200%20529%20159%27%3E%3Crect%20width%3D%27529%27%20height%3D%27159%27%20fill-opacity%3D%220%22%2F%3E%3C%2Fsvg%3E\" data-srcset=\"https:\/\/clinicadrcasasvilar.com\/wp-content\/uploads\/2021\/06\/trata3.png 529w, https:\/\/clinicadrcasasvilar.com\/wp-content\/uploads\/2021\/06\/trata3-300x90.png 300w\" alt=\"tracta3\" width=\"529\" height=\"159\"><\/p>\n<p style=\"text-align: justify;\">El dentista a m\u00e9s de constatar la pres\u00e8ncia de bosses, haur\u00e0 d'analitzar si hi ha mobilitat dent\u00e0ria, recessi\u00f3 de genives amb exposici\u00f3 de l'arrel de la dent, pres\u00e8ncia de lesions de furcaci\u00f3, etc.<\/p>\n<p style=\"text-align: justify;\">Per obtenir un bon diagn\u00f2stic \u00e9s important tenir informaci\u00f3 radiogr\u00e0fica adequada. Per aix\u00f2 emprem radiografies periapicals i ortopantomografies, que poden ser realitzades a les nostres instal\u00b7lacions.<\/p>\n<p style=\"text-align: justify;\">Amb aquesta informaci\u00f3 configurar\u00e0 el gr\u00e0fic periodontal i establir\u00e0 un diagn\u00f2stic de la situaci\u00f3 que comunicar\u00e0 al pacient aix\u00ed com el pla de tractament per corregir la situaci\u00f3.<\/p>\n<h4><img decoding=\"async\" class=\"lazyload alignnone\" src=\"data:image\/gif;base64,R0lGODlhAQABAAAAACH5BAEKAAEALAAAAAABAAEAAAICTAEAOw==\" data-orig-src=\"https:\/\/clinicadrcasasvilar.com\/wp-content\/uploads\/2021\/06\/trata4.png\" alt=\"tracta4\" width=\"201\"><br \/>\n<em>Periodontograma mostrant les dades de les genives del pacient<\/em><\/h4>\n<p><strong>TINGUES EN COMPTE<\/strong><\/p>\n<ul>\n<li>La geniva sana no ha de sagnar.<\/li>\n<li>No hi ha d&#039;haver bosses periodontals.<\/li>\n<li>La mobilitat dent\u00e0ria \u00e9s un s\u00edmptoma avan\u00e7at.<\/li>\n<\/ul>\n<\/div><\/div><\/div><\/div><\/div><div class=\"fusion-bg-parallax\" data-bg-align=\"center center\" data-direction=\"right\" data-mute=\"false\" data-opacity=\"100\" data-velocity=\"-0.8\" data-mobile-enabled=\"false\" data-break_parents=\"0\" data-bg-image=\"https:\/\/clinicadrcasasvilar.com\/wp-content\/uploads\/2016\/10\/cta_bg.jpg\" data-bg-repeat=\"false\" ><\/div><div class=\"fusion-fullwidth fullwidth-box fusion-builder-row-2 fusion-flex-container fusion-parallax-right nonhundred-percent-fullwidth non-hundred-percent-height-scrolling lazyload\" style=\"--awb-border-radius-top-left:0px;--awb-border-radius-top-right:0px;--awb-border-radius-bottom-right:0px;--awb-border-radius-bottom-left:0px;--awb-padding-top:80px;--awb-padding-bottom:100px;--awb-background-size:cover;--awb-flex-wrap:wrap;\" data-bg=\"https:\/\/clinicadrcasasvilar.com\/wp-content\/uploads\/2016\/10\/cta_bg.jpg\" ><div class=\"fusion-builder-row fusion-row fusion-flex-align-items-flex-start fusion-flex-content-wrap\" style=\"max-width:calc( 1100px + 0px );margin-left: calc(-0px \/ 2 );margin-right: calc(-0px \/ 2 );\"><div class=\"fusion-layout-column fusion_builder_column fusion-builder-column-1 fusion_builder_column_1_1 1_1 fusion-flex-column\" style=\"--awb-bg-blend:overlay;--awb-bg-size:cover;--awb-width-large:100%;--awb-margin-top-large:3%;--awb-spacing-right-large:0px;--awb-margin-bottom-large:3%;--awb-spacing-left-large:0px;--awb-width-medium:100%;--awb-spacing-right-medium:0px;--awb-spacing-left-medium:0px;--awb-width-small:100%;--awb-spacing-right-small:0px;--awb-spacing-left-small:0px;\"><div class=\"fusion-column-wrapper fusion-flex-justify-content-flex-start fusion-content-layout-column\"><div class=\"fusion-title title fusion-title-2 fusion-title-center fusion-title-text fusion-title-size-two\" style=\"--awb-text-color:#ffffff;--awb-margin-top:30px;--awb-margin-bottom:7%;--awb-margin-top-small:0px;--awb-margin-right-small:0px;--awb-margin-bottom-small:20px;--awb-margin-left-small:0px;--awb-font-size:90px;\"><div class=\"title-sep-container title-sep-container-left\"><div class=\"title-sep sep- sep-solid\" style=\"border-color:#eff3f9;\"><\/div><\/div><span class=\"awb-title-spacer\"><\/span><h2 class=\"fusion-title-heading title-heading-center\" style=\"margin:0;font-size:1em;\">Llest per a Somriure?<\/h2><span class=\"awb-title-spacer\"><\/span><div class=\"title-sep-container title-sep-container-right\"><div class=\"title-sep sep- sep-solid\" style=\"border-color:#eff3f9;\"><\/div><\/div><\/div><div class=\"fusion-separator fusion-full-width-sep\" style=\"align-self: center;margin-left: auto;margin-right: auto;margin-top:15px;width:100%;\"><\/div><div style=\"text-align:center;\"><a class=\"fusion-button button-flat button-xlarge button-custom fusion-button-default button-1 fusion-button-default-span fusion-button-default-type\" style=\"--button_accent_color:#ffffff;--button_accent_hover_color:#6487c2;--button_border_hover_color:#6487c2;--button_gradient_top_color:#5abb12;--button_gradient_bottom_color:#5abb12;--button_gradient_top_color_hover:#ffffff;--button_gradient_bottom_color_hover:#ffffff;\" target=\"_self\" href=\"https:\/\/clinicadrcasasvilar.com\/ca\/demanar-cita-clinica-dr-vilar\/\"><span class=\"fusion-button-text awb-button__text awb-button__text--default\">Demana cita<\/span><\/a><\/div><\/div><\/div><\/div><\/div>\n<\/p>","protected":false},"excerpt":{"rendered":"","protected":false},"author":5,"featured_media":0,"parent":0,"menu_order":0,"comment_status":"closed","ping_status":"closed","template":"100-width.php","meta":{"footnotes":""},"class_list":["post-898","page","type-page","status-publish","hentry"],"yoast_head":"<!-- This site is optimized with the Yoast SEO Premium plugin v18.1 (Yoast SEO v27.4) - https:\/\/yoast.com\/product\/yoast-seo-premium-wordpress\/ -->\n<title>Exploraci\u00f3n dental | Diagn\u00f3stico odontol\u00f3gico | Salud dental y bucal | Cl\u00ednica dental Dr. Vilar Barcelona<\/title>\n<meta name=\"description\" content=\"Tratamientos en Exploraci\u00f3n dental, Diagn\u00f3stico odontol\u00f3gico, Salud dental y bucal en la Cl\u00ednica dental Dr. Vilar Barcelona.\" \/>\n<meta name=\"robots\" content=\"index, follow, max-snippet:-1, max-image-preview:large, max-video-preview:-1\" \/>\n<link rel=\"canonical\" href=\"https:\/\/clinicadrcasasvilar.com\/ca\/exploracio-i-diagnostic\/\" \/>\n<meta property=\"og:locale\" content=\"ca_ES\" \/>\n<meta property=\"og:type\" content=\"article\" \/>\n<meta property=\"og:title\" content=\"Exploraci\u00f3n y Diagn\u00f3stico\" \/>\n<meta property=\"og:url\" content=\"https:\/\/clinicadrcasasvilar.com\/ca\/exploracio-i-diagnostic\/\" \/>\n<meta property=\"og:site_name\" content=\"Clinica Dr. Vilar\" \/>\n<meta property=\"article:modified_time\" content=\"2026-02-22T12:29:13+00:00\" \/>\n<meta property=\"og:image\" content=\"https:\/\/clinicadrcasasvilar.com\/wp-content\/uploads\/2021\/06\/trata1.png\" \/>\n<meta name=\"twitter:card\" content=\"summary_large_image\" \/>\n<script type=\"application\/ld+json\" class=\"yoast-schema-graph\">{\"@context\":\"https:\\\/\\\/schema.org\",\"@graph\":[{\"@type\":\"WebPage\",\"@id\":\"https:\\\/\\\/clinicadrcasasvilar.com\\\/exploracion-y-diagnostico\\\/\",\"url\":\"https:\\\/\\\/clinicadrcasasvilar.com\\\/exploracion-y-diagnostico\\\/\",\"name\":\"Exploraci\u00f3n dental | Diagn\u00f3stico odontol\u00f3gico | Salud dental y bucal | Cl\u00ednica dental Dr. Vilar Barcelona\",\"isPartOf\":{\"@id\":\"https:\\\/\\\/clinicadrcasasvilar.com\\\/#website\"},\"primaryImageOfPage\":{\"@id\":\"https:\\\/\\\/clinicadrcasasvilar.com\\\/exploracion-y-diagnostico\\\/#primaryimage\"},\"image\":{\"@id\":\"https:\\\/\\\/clinicadrcasasvilar.com\\\/exploracion-y-diagnostico\\\/#primaryimage\"},\"thumbnailUrl\":\"https:\\\/\\\/clinicadrcasasvilar.com\\\/wp-content\\\/uploads\\\/2021\\\/06\\\/trata1.png\",\"datePublished\":\"2021-05-04T09:20:58+00:00\",\"dateModified\":\"2026-02-22T12:29:13+00:00\",\"description\":\"Tratamientos en Exploraci\u00f3n dental, Diagn\u00f3stico odontol\u00f3gico, Salud dental y bucal en la Cl\u00ednica dental Dr. Vilar Barcelona.\",\"breadcrumb\":{\"@id\":\"https:\\\/\\\/clinicadrcasasvilar.com\\\/exploracion-y-diagnostico\\\/#breadcrumb\"},\"inLanguage\":\"ca\",\"potentialAction\":[{\"@type\":\"ReadAction\",\"target\":[\"https:\\\/\\\/clinicadrcasasvilar.com\\\/exploracion-y-diagnostico\\\/\"]}]},{\"@type\":\"ImageObject\",\"inLanguage\":\"ca\",\"@id\":\"https:\\\/\\\/clinicadrcasasvilar.com\\\/exploracion-y-diagnostico\\\/#primaryimage\",\"url\":\"https:\\\/\\\/clinicadrcasasvilar.com\\\/wp-content\\\/uploads\\\/2021\\\/06\\\/trata1.png\",\"contentUrl\":\"https:\\\/\\\/clinicadrcasasvilar.com\\\/wp-content\\\/uploads\\\/2021\\\/06\\\/trata1.png\"},{\"@type\":\"BreadcrumbList\",\"@id\":\"https:\\\/\\\/clinicadrcasasvilar.com\\\/exploracion-y-diagnostico\\\/#breadcrumb\",\"itemListElement\":[{\"@type\":\"ListItem\",\"position\":1,\"name\":\"Inici\",\"item\":\"https:\\\/\\\/clinicadrcasasvilar.com\\\/\"},{\"@type\":\"ListItem\",\"position\":2,\"name\":\"Exploraci\u00f3n y Diagn\u00f3stico\"}]},{\"@type\":\"WebSite\",\"@id\":\"https:\\\/\\\/clinicadrcasasvilar.com\\\/#website\",\"url\":\"https:\\\/\\\/clinicadrcasasvilar.com\\\/\",\"name\":\"Clinica Dr. Vilar\",\"description\":\"Per\u00edodoncia En Exclusiva\",\"publisher\":{\"@id\":\"https:\\\/\\\/clinicadrcasasvilar.com\\\/#organization\"},\"potentialAction\":[{\"@type\":\"SearchAction\",\"target\":{\"@type\":\"EntryPoint\",\"urlTemplate\":\"https:\\\/\\\/clinicadrcasasvilar.com\\\/?s={search_term_string}\"},\"query-input\":{\"@type\":\"PropertyValueSpecification\",\"valueRequired\":true,\"valueName\":\"search_term_string\"}}],\"inLanguage\":\"ca\"},{\"@type\":\"Organization\",\"@id\":\"https:\\\/\\\/clinicadrcasasvilar.com\\\/#organization\",\"name\":\"Clinica Dental Dr. JJ Vilar\",\"url\":\"https:\\\/\\\/clinicadrcasasvilar.com\\\/\",\"logo\":{\"@type\":\"ImageObject\",\"inLanguage\":\"ca\",\"@id\":\"https:\\\/\\\/clinicadrcasasvilar.com\\\/#\\\/schema\\\/logo\\\/image\\\/\",\"url\":\"https:\\\/\\\/clinicadrcasasvilar.com\\\/wp-content\\\/uploads\\\/2022\\\/05\\\/LOGO_Clinica_Casas-Vilar.png\",\"contentUrl\":\"https:\\\/\\\/clinicadrcasasvilar.com\\\/wp-content\\\/uploads\\\/2022\\\/05\\\/LOGO_Clinica_Casas-Vilar.png\",\"width\":1024,\"height\":604,\"caption\":\"Clinica Dental Dr. JJ Vilar\"},\"image\":{\"@id\":\"https:\\\/\\\/clinicadrcasasvilar.com\\\/#\\\/schema\\\/logo\\\/image\\\/\"}}]}<\/script>\n<!-- \/ Yoast SEO Premium plugin. -->","yoast_head_json":{"title":"Exploraci\u00f3 dental | Diagn\u00f2stic odontol\u00f2gic | Salut dental i bucal | Cl\u00ednica dental Dr. Vilar Barcelona","description":"Tractaments en Exploraci\u00f3 dental, Diagn\u00f2stic odontol\u00f2gic, Salut dental i bucal a la Cl\u00ednica dental Dr. Vilar Barcelona.","robots":{"index":"index","follow":"follow","max-snippet":"max-snippet:-1","max-image-preview":"max-image-preview:large","max-video-preview":"max-video-preview:-1"},"canonical":"https:\/\/clinicadrcasasvilar.com\/ca\/exploracio-i-diagnostic\/","og_locale":"ca_ES","og_type":"article","og_title":"Exploraci\u00f3n y Diagn\u00f3stico","og_url":"https:\/\/clinicadrcasasvilar.com\/ca\/exploracio-i-diagnostic\/","og_site_name":"Clinica Dr. Vilar","article_modified_time":"2026-02-22T12:29:13+00:00","og_image":[{"url":"https:\/\/clinicadrcasasvilar.com\/wp-content\/uploads\/2021\/06\/trata1.png","type":"","width":"","height":""}],"twitter_card":"summary_large_image","schema":{"@context":"https:\/\/schema.org","@graph":[{"@type":"WebPage","@id":"https:\/\/clinicadrcasasvilar.com\/exploracion-y-diagnostico\/","url":"https:\/\/clinicadrcasasvilar.com\/exploracion-y-diagnostico\/","name":"Exploraci\u00f3 dental | Diagn\u00f2stic odontol\u00f2gic | Salut dental i bucal | Cl\u00ednica dental Dr. Vilar Barcelona","isPartOf":{"@id":"https:\/\/clinicadrcasasvilar.com\/#website"},"primaryImageOfPage":{"@id":"https:\/\/clinicadrcasasvilar.com\/exploracion-y-diagnostico\/#primaryimage"},"image":{"@id":"https:\/\/clinicadrcasasvilar.com\/exploracion-y-diagnostico\/#primaryimage"},"thumbnailUrl":"https:\/\/clinicadrcasasvilar.com\/wp-content\/uploads\/2021\/06\/trata1.png","datePublished":"2021-05-04T09:20:58+00:00","dateModified":"2026-02-22T12:29:13+00:00","description":"Tractaments en Exploraci\u00f3 dental, Diagn\u00f2stic odontol\u00f2gic, Salut dental i bucal a la Cl\u00ednica dental Dr. Vilar Barcelona.","breadcrumb":{"@id":"https:\/\/clinicadrcasasvilar.com\/exploracion-y-diagnostico\/#breadcrumb"},"inLanguage":"ca","potentialAction":[{"@type":"ReadAction","target":["https:\/\/clinicadrcasasvilar.com\/exploracion-y-diagnostico\/"]}]},{"@type":"ImageObject","inLanguage":"ca","@id":"https:\/\/clinicadrcasasvilar.com\/exploracion-y-diagnostico\/#primaryimage","url":"https:\/\/clinicadrcasasvilar.com\/wp-content\/uploads\/2021\/06\/trata1.png","contentUrl":"https:\/\/clinicadrcasasvilar.com\/wp-content\/uploads\/2021\/06\/trata1.png"},{"@type":"BreadcrumbList","@id":"https:\/\/clinicadrcasasvilar.com\/exploracion-y-diagnostico\/#breadcrumb","itemListElement":[{"@type":"ListItem","position":1,"name":"Inici","item":"https:\/\/clinicadrcasasvilar.com\/"},{"@type":"ListItem","position":2,"name":"Exploraci\u00f3n y Diagn\u00f3stico"}]},{"@type":"WebSite","@id":"https:\/\/clinicadrcasasvilar.com\/#website","url":"https:\/\/clinicadrcasasvilar.com\/","name":"Cl\u00ednica Dr. Vilar","description":"Period\u00f2ncia A Exclusiva","publisher":{"@id":"https:\/\/clinicadrcasasvilar.com\/#organization"},"potentialAction":[{"@type":"SearchAction","target":{"@type":"EntryPoint","urlTemplate":"https:\/\/clinicadrcasasvilar.com\/?s={search_term_string}"},"query-input":{"@type":"PropertyValueSpecification","valueRequired":true,"valueName":"search_term_string"}}],"inLanguage":"ca"},{"@type":"Organization","@id":"https:\/\/clinicadrcasasvilar.com\/#organization","name":"Cl\u00ednica Dental Dr. JJ Vilar","url":"https:\/\/clinicadrcasasvilar.com\/","logo":{"@type":"ImageObject","inLanguage":"ca","@id":"https:\/\/clinicadrcasasvilar.com\/#\/schema\/logo\/image\/","url":"https:\/\/clinicadrcasasvilar.com\/wp-content\/uploads\/2022\/05\/LOGO_Clinica_Casas-Vilar.png","contentUrl":"https:\/\/clinicadrcasasvilar.com\/wp-content\/uploads\/2022\/05\/LOGO_Clinica_Casas-Vilar.png","width":1024,"height":604,"caption":"Clinica Dental Dr. JJ Vilar"},"image":{"@id":"https:\/\/clinicadrcasasvilar.com\/#\/schema\/logo\/image\/"}}]}},"_links":{"self":[{"href":"https:\/\/clinicadrcasasvilar.com\/ca\/wp-json\/wp\/v2\/pages\/898","targetHints":{"allow":["GET"]}}],"collection":[{"href":"https:\/\/clinicadrcasasvilar.com\/ca\/wp-json\/wp\/v2\/pages"}],"about":[{"href":"https:\/\/clinicadrcasasvilar.com\/ca\/wp-json\/wp\/v2\/types\/page"}],"author":[{"embeddable":true,"href":"https:\/\/clinicadrcasasvilar.com\/ca\/wp-json\/wp\/v2\/users\/5"}],"replies":[{"embeddable":true,"href":"https:\/\/clinicadrcasasvilar.com\/ca\/wp-json\/wp\/v2\/comments?post=898"}],"version-history":[{"count":22,"href":"https:\/\/clinicadrcasasvilar.com\/ca\/wp-json\/wp\/v2\/pages\/898\/revisions"}],"predecessor-version":[{"id":2489,"href":"https:\/\/clinicadrcasasvilar.com\/ca\/wp-json\/wp\/v2\/pages\/898\/revisions\/2489"}],"wp:attachment":[{"href":"https:\/\/clinicadrcasasvilar.com\/ca\/wp-json\/wp\/v2\/media?parent=898"}],"curies":[{"name":"wp","href":"https:\/\/api.w.org\/{rel}","templated":true}]}}