{"id":902,"date":"2021-05-04T09:26:11","date_gmt":"2021-05-04T09:26:11","guid":{"rendered":"https:\/\/clinicadrvilar.com\/v2\/?page_id=902"},"modified":"2026-02-22T12:34:33","modified_gmt":"2026-02-22T12:34:33","slug":"implants-dentals","status":"publish","type":"page","link":"https:\/\/clinicadrcasasvilar.com\/ca\/implantes-dentales\/","title":{"rendered":"Implants Dentals"},"content":{"rendered":"<p><div class=\"fusion-fullwidth fullwidth-box fusion-builder-row-1 fusion-flex-container nonhundred-percent-fullwidth non-hundred-percent-height-scrolling\" style=\"--awb-border-radius-top-left:0px;--awb-border-radius-top-right:0px;--awb-border-radius-bottom-right:0px;--awb-border-radius-bottom-left:0px;--awb-padding-right-small:12px;--awb-padding-left-small:12px;--awb-flex-wrap:wrap;\" ><div class=\"fusion-builder-row fusion-row fusion-flex-align-items-flex-start fusion-flex-content-wrap\" style=\"max-width:1144px;margin-left: calc(-4% \/ 2 );margin-right: calc(-4% \/ 2 );\"><div class=\"fusion-layout-column fusion_builder_column fusion-builder-column-0 fusion_builder_column_1_1 1_1 fusion-flex-column\" style=\"--awb-bg-size:cover;--awb-width-large:100%;--awb-margin-top-large:0px;--awb-spacing-right-large:1.92%;--awb-margin-bottom-large:0px;--awb-spacing-left-large:1.92%;--awb-width-medium:100%;--awb-spacing-right-medium:1.92%;--awb-spacing-left-medium:1.92%;--awb-width-small:100%;--awb-spacing-right-small:1.92%;--awb-spacing-left-small:1.92%;\"><div class=\"fusion-column-wrapper fusion-flex-justify-content-flex-start fusion-content-layout-column\"><div class=\"fusion-title title fusion-title-1 fusion-title-center fusion-title-text fusion-title-size-one\" style=\"--awb-margin-top-small:0px;--awb-margin-right-small:0px;--awb-margin-bottom-small:20px;--awb-margin-left-small:0px;\"><div class=\"title-sep-container title-sep-container-left\"><div class=\"title-sep sep- sep-solid\" style=\"border-color:#eff3f9;\"><\/div><\/div><span class=\"awb-title-spacer\"><\/span><h1 class=\"fusion-title-heading title-heading-center\" style=\"margin:0;\">Implants Dentals<\/h1><span class=\"awb-title-spacer\"><\/span><div class=\"title-sep-container title-sep-container-right\"><div class=\"title-sep sep- sep-solid\" style=\"border-color:#eff3f9;\"><\/div><\/div><\/div><div class=\"fusion-text fusion-text-1\"><p style=\"text-align: justify;\">La reposici\u00f3 de dents mitjan\u00e7ant implants dentals \u00e9s un dels tractaments i \u00e9s la millor soluci\u00f3 per a la substituci\u00f3 permanent duna o diverses peces dentals.<\/p>\n<p style=\"text-align: justify;\">Des que fa uns 50 anys el Professor Branemark va realitzar el revolucionari aven\u00e7 sobre el que es basa la tecnologia d&#039;implants, aquesta t\u00e8cnica no ha deixat d&#039;evolucionar i guanyar reconeixement entre els professionals del sector dental, i els pacients, que cada cop m\u00e9s sol\u00b7liciten aquest tractament.<\/p>\n<p style=\"text-align: justify;\">Molts pacients es pregunten si s\u00f3n segurs els implants dentals per a la salut de les boques. Aquesta t\u00e8cnica est\u00e0 basada en una \u00e0mplia investigaci\u00f3 cient\u00edfica i aix\u00f2 ha fet possible aconseguir resultats fiables en els tractaments que proporcionen una gran millora est\u00e8tica dental al somriure i comoditat al pacient.<\/p>\n<div class=\"dibuixos\">\n<div class=\"one_third\"><img decoding=\"async\" class=\"lazyload alignnone size-full wp-image-313\" src=\"data:image\/svg+xml,%3Csvg%20xmlns%3D%27http%3A%2F%2Fwww.w3.org%2F2000%2Fsvg%27%20width%3D%27300%27%20height%3D%27188%27%20viewBox%3D%270%200%20300%20188%27%3E%3Crect%20width%3D%27300%27%20height%3D%27188%27%20fill-opacity%3D%220%22%2F%3E%3C%2Fsvg%3E\" data-orig-src=\"https:\/\/clinicadrcasasvilar.com\/wp-content\/uploads\/2021\/06\/implant1.png\" alt=\"especialistes en implants dentals a Barcelona\" width=\"300\" height=\"188\"><\/div>\n<div class=\"one_third\"><img decoding=\"async\" class=\"lazyload alignnone size-full wp-image-315\" src=\"data:image\/svg+xml,%3Csvg%20xmlns%3D%27http%3A%2F%2Fwww.w3.org%2F2000%2Fsvg%27%20width%3D%27250%27%20height%3D%27138%27%20viewBox%3D%270%200%20250%20138%27%3E%3Crect%20width%3D%27250%27%20height%3D%27138%27%20fill-opacity%3D%220%22%2F%3E%3C%2Fsvg%3E\" data-orig-src=\"https:\/\/clinicadrcasasvilar.com\/wp-content\/uploads\/2021\/06\/implant2.png\" alt=\"implant molar en mand\u00edbula superior\" width=\"250\" height=\"138\"><\/div>\n<div class=\"one_third last\"><img class=\"lazyload\" decoding=\"async\" src=\"data:image\/svg+xml,%3Csvg%20xmlns%3D%27http%3A%2F%2Fwww.w3.org%2F2000%2Fsvg%27%20width%3D%27133%27%20height%3D%27189%27%20viewBox%3D%270%200%20133%20189%27%3E%3Crect%20width%3D%27133%27%20height%3D%27189%27%20fill-opacity%3D%220%22%2F%3E%3C%2Fsvg%3E\" data-orig-src=\"https:\/\/clinicadrcasasvilar.com\/wp-content\/uploads\/2021\/06\/imp1.png\" alt=\"Reposici\u00f3 de dents mitjan\u00e7ant implants\" width=\"133\" height=\"189\"><\/div>\n<div class=\"clearboth\"><\/div>\n<\/div>\n<p style=\"text-align: justify;\">L&#039;implant dental \u00e9s un cargol de titani elaborat de manera molt especial que \u00e9s acceptat per l&#039;organisme com una cosa pr\u00f2pia. D&#039;aquesta manera, l&#039;os creix r\u00e0pidament al seu voltant, produint-se una uni\u00f3 estable i duradora.<\/p>\n<p style=\"text-align: justify;\">Hem incorporat modernes t\u00e8cniques de cirurgia guiada per ordinador CAD-CAM, per col\u00b7locar els implants de manera m\u00e9s precisa i segura.<\/p>\n<p style=\"text-align: justify;\">La caiguda de dents i la manca de dents definitives \u00e9s un dels problemes dentals que necessita cirurgia oral, ja que sorgeix tant en adults com a la poblaci\u00f3 infantil. Quan a un nen li cau una unitat del total de la dentadura, \u00e9s degut a que la dent definitiva est\u00e0 empenyent des de la geniva per sortir. Per\u00f2 hi ha vegades que una dent pot caure per l&#039;aparici\u00f3 de c\u00e0ries no tractades, cosa que fa que la dent acabi per caure a trossos o per haver de ser intervingut pels diferents metges odont\u00f2legs de les cl\u00edniques dentals. En cas que no hi hagi dents definitives despr\u00e9s de la caiguda o extracci\u00f3, la millor opci\u00f3 s\u00f3n els implants dentals realitzats per un metge odont\u00f2leg especialitzat en implantologia.<\/p>\n<p style=\"text-align: justify;\">Per aconseguir la reposici\u00f3 d&#039;una dent mitjan\u00e7ant un implant, cal col\u00b7locar el cargol de titani a l&#039;os maxil\u00b7lar o mandibular. Sobre l&#039;implant es col\u00b7loca un Pilar que \u00e9s un component de titani o cer\u00e0mica que permet l&#039;adaptaci\u00f3 segura entre l&#039;implant i la corona.<\/p>\n<p style=\"text-align: justify;\">Finalment, es col\u00b7loca la corona que pot ser de cer\u00e0mica o resina segons les situacions. Per fixar aquests components es fan servir petits cargols. Per aconseguir el resultat desitjat cal fer el diagn\u00f2stic prec\u00eds de la situaci\u00f3, fer servir els components adequats seguint en tot moment un protocol estricte i una t\u00e8cnica de gran precisi\u00f3.<\/p>\n<div class=\"title\">\n<h2>RESULTATS ATRACTIUS I ASSEGURANCES<\/h2>\n<div class=\"title-sep-container\">\n<div class=\"title-sep\" style=\"text-align: justify;\">Els implants dentals s\u00f3n una soluci\u00f3 immediata i tenen molts avantatges en comparaci\u00f3 de les solucions tradicionals de corones, ponts i pr\u00f2tesis removibles. Vet aqu\u00ed diversos motius a favor dels implants:<\/div>\n<\/div>\n<\/div>\n<div class=\"three_fourth\">\n<p class=\"translation-block\">\u2022 Els implants dentals semblen, se senten i funcionen com si fossin dents naturals.<br> \u2022 Les dents contig\u00fces no han de ser tallades per servir de suport a la nova pr\u00f2tesi realitzada.<br> \u2022 La col\u00b7locaci\u00f3 d&#039;implants a l&#039;os estimula l&#039;activitat \u00f2ssia evitant l&#039;atr\u00f2fia que es produeix despr\u00e9s de la p\u00e8rdua de les dents, assegurant-ne un resultat est\u00e8tic i funcional.<br> \u2022 Els implants no requereixen adhesius per al suport de la pr\u00f2tesi, donant al pacient una sensaci\u00f3 de seguretat, a difer\u00e8ncia de la pr\u00f2tesi dental, ja sigui pr\u00f2tesi fixa o removible.<br> \u2022 Es considera com un tractament permanent si la higiene personal \u00e9s l&#039;adequada, perqu\u00e8 cal no oblidar que els implants estan col\u00b7locats en una part de l&#039;organisme que cont\u00e9 molts bacteris i la manca d&#039;higiene pot originar infecci\u00f3 a la zona implantada o als queixals del voltant.<\/p>\n<\/div>\n<div class=\"one_fourth last\"><img decoding=\"async\" class=\"lazyload alignnone size-full wp-image-235\" src=\"https:\/\/clinicadrcasasvilar.com\/wp-content\/uploads\/2021\/06\/imp2.png\" data-orig-src=\"https:\/\/clinicadrcasasvilar.com\/wp-content\/uploads\/2021\/06\/imp2.png\" data-sizes=\"auto\" data-orig-sizes=\"(max-width: 200px) 100vw, 200px\" srcset=\"data:image\/svg+xml,%3Csvg%20xmlns%3D%27http%3A%2F%2Fwww.w3.org%2F2000%2Fsvg%27%20width%3D%27200%27%20height%3D%27153%27%20viewBox%3D%270%200%20200%20153%27%3E%3Crect%20width%3D%27200%27%20height%3D%27153%27%20fill-opacity%3D%220%22%2F%3E%3C%2Fsvg%3E\" data-srcset=\"https:\/\/clinicadrcasasvilar.com\/wp-content\/uploads\/2021\/06\/imp2.png 200w, https:\/\/clinicadrcasasvilar.com\/wp-content\/uploads\/2021\/06\/imp2-180x138.png 180w\" alt=\"imp2\" width=\"200\" height=\"153\"><\/div>\n<div class=\"clearboth\"><\/div>\n<div class=\"title\">\n<h2>M\u00c8TODE DE TRACTAMENT<\/h2>\n<div class=\"title-sep-container\">\n<div class=\"title-sep\"><\/div>\n<\/div>\n<\/div>\n<p><img decoding=\"async\" class=\"lazyload alignleft size-full wp-image-236\" src=\"data:image\/svg+xml,%3Csvg%20xmlns%3D%27http%3A%2F%2Fwww.w3.org%2F2000%2Fsvg%27%20width%3D%27198%27%20height%3D%27223%27%20viewBox%3D%270%200%20198%20223%27%3E%3Crect%20width%3D%27198%27%20height%3D%27223%27%20fill-opacity%3D%220%22%2F%3E%3C%2Fsvg%3E\" data-orig-src=\"https:\/\/clinicadrcasasvilar.com\/wp-content\/uploads\/2021\/06\/imp3.png\" alt=\"imp3\" width=\"198\" height=\"223\"><\/p>\n<p style=\"text-align: justify;\" class=\"translation-block\">1. Examinar pr\u00e8viament la situaci\u00f3. La primera cosa \u00e9s comentar amb el seu dentista o cl\u00ednica dental la situaci\u00f3 i les seves necessitats. Realitzar una exploraci\u00f3 adequada i utilitzar els m\u00e8todes diagn\u00f2stics adequats, que inclouen radiografies i scanner.<br> 2. Inserci\u00f3 de limplant dental. Habitualment el dentista i odont\u00f2leg, que ha de tenir molta experi\u00e8ncia en implants dentals, prepara l&#039;os de manera molt acurada per no lesionar les c\u00e8l\u00b7lules \u00f2ssies, seguidament es col\u00b7loca l&#039;implant a l&#039;os de manera que quedi col\u00b7locat fermament i se li col\u00b7loca un pilar temporal per protegir-lo i que no entrin residus al seu interior.<br> 3. S&#039;espera el temps necessari perqu\u00e8 es produeixi la integraci\u00f3 \u00f2ssia de l&#039;implant i es retira el pilar temporal per col\u00b7locar a continuaci\u00f3 un pilar definitiu.<br> 4. Es fa una impressi\u00f3 del pilar ja col\u00b7locat, s&#039;obt\u00e9 un model final sobre el qual es confecciona la corona perfectament adaptada al pilar.<\/p>\n<p style=\"text-align: justify;\">Molta gent es pregunta qu\u00e8 passa si es vol fer implants dentals quan no hi ha os. La soluci\u00f3 a aquest problema \u00e9s fer un empelt d&#039;os dental. Aquesta t\u00e8cnica es realitza per garantir un suport ossi correcte per als implants.<\/p>\n<p style=\"text-align: justify;\">Els nostres dentistes i equip d&#039;especialistes en implants dentals fan un tractament personalitzat a Barcelona, poden substituir una sola dent, un conjunt o la totalitat dels mateixos.<\/p>\n<p style=\"text-align: justify;\">Actualment i de vegades que ho permeten, es pot col\u00b7locar el\/s implant\/si la\/les corones sobre ells el mateix dia de la cirurgia. Aix\u00f2 \u00e9s el que anomenem la t\u00e8cnica de \u00abdents en un sol dia\u00bb i\/o \u201cc\u00e0rrega immediata\u201d. Aquesta ha estat una gran aportaci\u00f3 que ha donat comoditat als pacients. A la nostra cl\u00ednica hem d&#039;advertir per\u00f2 que el professional \u00e9s el que finalment haur\u00e0 de decidir si aix\u00f2 \u00e9s possible o no segons la qualitat de l&#039;os del pacient i la zona a restaurar abans de sotmetre&#039;s a la cirurgia oral o cirurgia maxil\u00b7lofacial. A m\u00e9s, \u00e9s important saber que encara que aquesta t\u00e8cnica va guanyant adeptes, no tenim la mateixa quantitat de suport cient\u00edfic que tenim amb la t\u00e8cnica convencional ja que fa menys temps que la utilitzem. Recordeu que tamb\u00e9 usem fundes protectores per a les dents, les quals s\u00f3n de vital import\u00e0ncia per evitar un desgast dental. Hi ha tamb\u00e9 un tractament per a aquelles persones que no tenen prou geniva i se&#039;ls veu l&#039;arrel de la dent. Aquest tractament es basa a fer un empelt de geniva. La retracci\u00f3 de genives \u00e9s un problema bucodental que pot tenir conseq\u00fc\u00e8ncies molt perjudicials i que s&#039;ha de tractar als centres per especialistes de la cl\u00ednica dental de barcelona.<\/p>\n<p style=\"text-align: justify;\">A la nostra cl\u00ednica dental Barcelona realitzem implants dentals i est\u00e8tica dental, aix\u00ed com cirurgia oral (endod\u00f2ncia), extracci\u00f3 de queixals del judici, ortod\u00f2ncia invisible, period\u00f2ncia i moltes m\u00e9s especialitats. No dubtis a trucar.<\/p>\n<p style=\"text-align: justify;\"><a href=\"https:\/\/clinicadrcasasvilar.com\/ca\/contactar\/\">Demana cita per a odontologia o consulta&#039;ns per a m\u00e9s informaci\u00f3<\/a> sobre les fundes protectores a les dents.<\/p>\n<div class=\"destaquem\">\n<p><strong>EL MILLOR TRACTAMENT PER REPOSAR DENTS:<\/strong><\/p>\n<ul>\n<li>\u00c9s l&#039;implant per la satisfacci\u00f3 que d\u00f3na.<\/li>\n<li>Per la seguretat en menjar.<\/li>\n<li>Per no necessitar recolzar-se en dents contig\u00fces.<\/li>\n<li>Millora l?autoestima.<\/li>\n<\/ul>\n<\/div>\n<footer class=\"footer-area\">\n<div class=\"avada-row\">\n<section class=\"columns columns-4\">\n<article class=\"col\">\n<div id=\"text-3\" class=\"footer-widget-col widget_text\"><\/div>\n<\/article>\n<\/section>\n<\/div>\n<\/footer>\n<\/div><\/div><\/div><\/div><\/div><div class=\"fusion-bg-parallax\" data-bg-align=\"center center\" data-direction=\"right\" data-mute=\"false\" data-opacity=\"100\" data-velocity=\"-0.8\" data-mobile-enabled=\"false\" data-break_parents=\"0\" data-bg-image=\"https:\/\/clinicadrcasasvilar.com\/wp-content\/uploads\/2016\/10\/cta_bg.jpg\" data-bg-repeat=\"false\" ><\/div><div class=\"fusion-fullwidth fullwidth-box fusion-builder-row-2 fusion-flex-container fusion-parallax-right nonhundred-percent-fullwidth non-hundred-percent-height-scrolling lazyload\" style=\"--awb-border-radius-top-left:0px;--awb-border-radius-top-right:0px;--awb-border-radius-bottom-right:0px;--awb-border-radius-bottom-left:0px;--awb-padding-top:80px;--awb-padding-bottom:100px;--awb-background-size:cover;--awb-flex-wrap:wrap;\" data-bg=\"https:\/\/clinicadrcasasvilar.com\/wp-content\/uploads\/2016\/10\/cta_bg.jpg\" ><div class=\"fusion-builder-row fusion-row fusion-flex-align-items-flex-start fusion-flex-content-wrap\" style=\"max-width:calc( 1100px + 0px );margin-left: calc(-0px \/ 2 );margin-right: calc(-0px \/ 2 );\"><div class=\"fusion-layout-column fusion_builder_column fusion-builder-column-1 fusion_builder_column_1_1 1_1 fusion-flex-column\" style=\"--awb-bg-blend:overlay;--awb-bg-size:cover;--awb-width-large:100%;--awb-margin-top-large:3%;--awb-spacing-right-large:0px;--awb-margin-bottom-large:3%;--awb-spacing-left-large:0px;--awb-width-medium:100%;--awb-spacing-right-medium:0px;--awb-spacing-left-medium:0px;--awb-width-small:100%;--awb-spacing-right-small:0px;--awb-spacing-left-small:0px;\"><div class=\"fusion-column-wrapper fusion-flex-justify-content-flex-start fusion-content-layout-column\"><div class=\"fusion-title title fusion-title-2 fusion-title-center fusion-title-text fusion-title-size-two\" style=\"--awb-text-color:#ffffff;--awb-margin-top:30px;--awb-margin-bottom:7%;--awb-margin-top-small:0px;--awb-margin-right-small:0px;--awb-margin-bottom-small:20px;--awb-margin-left-small:0px;--awb-font-size:90px;\"><div class=\"title-sep-container title-sep-container-left\"><div class=\"title-sep sep- sep-solid\" style=\"border-color:#eff3f9;\"><\/div><\/div><span class=\"awb-title-spacer\"><\/span><h2 class=\"fusion-title-heading title-heading-center\" style=\"margin:0;font-size:1em;\">Llest per a Somriure?<\/h2><span class=\"awb-title-spacer\"><\/span><div class=\"title-sep-container title-sep-container-right\"><div class=\"title-sep sep- sep-solid\" style=\"border-color:#eff3f9;\"><\/div><\/div><\/div><div class=\"fusion-separator fusion-full-width-sep\" style=\"align-self: center;margin-left: auto;margin-right: auto;margin-top:15px;width:100%;\"><\/div><div style=\"text-align:center;\"><a class=\"fusion-button button-flat button-xlarge button-custom fusion-button-default button-1 fusion-button-default-span fusion-button-default-type\" style=\"--button_accent_color:#ffffff;--button_accent_hover_color:#6487c2;--button_border_hover_color:#6487c2;--button_gradient_top_color:#5abb12;--button_gradient_bottom_color:#5abb12;--button_gradient_top_color_hover:#ffffff;--button_gradient_bottom_color_hover:#ffffff;\" target=\"_self\" href=\"https:\/\/clinicadrcasasvilar.com\/ca\/demanar-cita-clinica-dr-vilar\/\"><span class=\"fusion-button-text awb-button__text awb-button__text--default\">Demana cita<\/span><\/a><\/div><\/div><\/div><\/div><\/div>\n<\/p>","protected":false},"excerpt":{"rendered":"","protected":false},"author":5,"featured_media":0,"parent":0,"menu_order":0,"comment_status":"closed","ping_status":"closed","template":"100-width.php","meta":{"footnotes":""},"class_list":["post-902","page","type-page","status-publish","hentry"],"yoast_head":"<!-- This site is optimized with the Yoast SEO Premium plugin v18.1 (Yoast SEO v27.4) - https:\/\/yoast.com\/product\/yoast-seo-premium-wordpress\/ -->\n<title>Cl\u00ednica implantolog\u00eda Dental | Dentista Implant\u00f3logo Dental | Cl\u00ednica dental Dr. Vilar Barcelona<\/title>\n<meta name=\"description\" content=\"Tratamientos de implantolog\u00eda dental en la Cl\u00ednica dental Dr. Vilar en Barcelona con m\u00e1s de 30 a\u00f1os de experiencia. Somos expertos en Salud dental.\" \/>\n<meta name=\"robots\" content=\"index, follow, max-snippet:-1, max-image-preview:large, max-video-preview:-1\" \/>\n<link rel=\"canonical\" href=\"https:\/\/clinicadrcasasvilar.com\/ca\/implants-dentals\/\" \/>\n<meta property=\"og:locale\" content=\"ca_ES\" \/>\n<meta property=\"og:type\" content=\"article\" \/>\n<meta property=\"og:title\" content=\"Implantes Dentales\" \/>\n<meta property=\"og:url\" content=\"https:\/\/clinicadrcasasvilar.com\/ca\/implants-dentals\/\" \/>\n<meta property=\"og:site_name\" content=\"Clinica Dr. Vilar\" \/>\n<meta property=\"article:modified_time\" content=\"2026-02-22T12:34:33+00:00\" \/>\n<meta name=\"twitter:card\" content=\"summary_large_image\" \/>\n<script type=\"application\/ld+json\" class=\"yoast-schema-graph\">{\"@context\":\"https:\\\/\\\/schema.org\",\"@graph\":[{\"@type\":\"WebPage\",\"@id\":\"https:\\\/\\\/clinicadrcasasvilar.com\\\/implantes-dentales\\\/\",\"url\":\"https:\\\/\\\/clinicadrcasasvilar.com\\\/implantes-dentales\\\/\",\"name\":\"Cl\u00ednica implantolog\u00eda Dental | Dentista Implant\u00f3logo Dental | Cl\u00ednica dental Dr. Vilar Barcelona\",\"isPartOf\":{\"@id\":\"https:\\\/\\\/clinicadrcasasvilar.com\\\/#website\"},\"primaryImageOfPage\":{\"@id\":\"https:\\\/\\\/clinicadrcasasvilar.com\\\/implantes-dentales\\\/#primaryimage\"},\"image\":{\"@id\":\"https:\\\/\\\/clinicadrcasasvilar.com\\\/implantes-dentales\\\/#primaryimage\"},\"thumbnailUrl\":\"https:\\\/\\\/clinicadrcasasvilar.com\\\/wp-content\\\/uploads\\\/2021\\\/06\\\/implant1.png\",\"datePublished\":\"2021-05-04T09:26:11+00:00\",\"dateModified\":\"2026-02-22T12:34:33+00:00\",\"description\":\"Tratamientos de implantolog\u00eda dental en la Cl\u00ednica dental Dr. Vilar en Barcelona con m\u00e1s de 30 a\u00f1os de experiencia. Somos expertos en Salud dental.\",\"breadcrumb\":{\"@id\":\"https:\\\/\\\/clinicadrcasasvilar.com\\\/implantes-dentales\\\/#breadcrumb\"},\"inLanguage\":\"ca\",\"potentialAction\":[{\"@type\":\"ReadAction\",\"target\":[\"https:\\\/\\\/clinicadrcasasvilar.com\\\/implantes-dentales\\\/\"]}]},{\"@type\":\"ImageObject\",\"inLanguage\":\"ca\",\"@id\":\"https:\\\/\\\/clinicadrcasasvilar.com\\\/implantes-dentales\\\/#primaryimage\",\"url\":\"https:\\\/\\\/clinicadrcasasvilar.com\\\/wp-content\\\/uploads\\\/2021\\\/06\\\/implant1.png\",\"contentUrl\":\"https:\\\/\\\/clinicadrcasasvilar.com\\\/wp-content\\\/uploads\\\/2021\\\/06\\\/implant1.png\"},{\"@type\":\"BreadcrumbList\",\"@id\":\"https:\\\/\\\/clinicadrcasasvilar.com\\\/implantes-dentales\\\/#breadcrumb\",\"itemListElement\":[{\"@type\":\"ListItem\",\"position\":1,\"name\":\"Inici\",\"item\":\"https:\\\/\\\/clinicadrcasasvilar.com\\\/\"},{\"@type\":\"ListItem\",\"position\":2,\"name\":\"Implantes Dentales\"}]},{\"@type\":\"WebSite\",\"@id\":\"https:\\\/\\\/clinicadrcasasvilar.com\\\/#website\",\"url\":\"https:\\\/\\\/clinicadrcasasvilar.com\\\/\",\"name\":\"Clinica Dr. Vilar\",\"description\":\"Per\u00edodoncia En Exclusiva\",\"publisher\":{\"@id\":\"https:\\\/\\\/clinicadrcasasvilar.com\\\/#organization\"},\"potentialAction\":[{\"@type\":\"SearchAction\",\"target\":{\"@type\":\"EntryPoint\",\"urlTemplate\":\"https:\\\/\\\/clinicadrcasasvilar.com\\\/?s={search_term_string}\"},\"query-input\":{\"@type\":\"PropertyValueSpecification\",\"valueRequired\":true,\"valueName\":\"search_term_string\"}}],\"inLanguage\":\"ca\"},{\"@type\":\"Organization\",\"@id\":\"https:\\\/\\\/clinicadrcasasvilar.com\\\/#organization\",\"name\":\"Clinica Dental Dr. JJ Vilar\",\"url\":\"https:\\\/\\\/clinicadrcasasvilar.com\\\/\",\"logo\":{\"@type\":\"ImageObject\",\"inLanguage\":\"ca\",\"@id\":\"https:\\\/\\\/clinicadrcasasvilar.com\\\/#\\\/schema\\\/logo\\\/image\\\/\",\"url\":\"https:\\\/\\\/clinicadrcasasvilar.com\\\/wp-content\\\/uploads\\\/2022\\\/05\\\/LOGO_Clinica_Casas-Vilar.png\",\"contentUrl\":\"https:\\\/\\\/clinicadrcasasvilar.com\\\/wp-content\\\/uploads\\\/2022\\\/05\\\/LOGO_Clinica_Casas-Vilar.png\",\"width\":1024,\"height\":604,\"caption\":\"Clinica Dental Dr. JJ Vilar\"},\"image\":{\"@id\":\"https:\\\/\\\/clinicadrcasasvilar.com\\\/#\\\/schema\\\/logo\\\/image\\\/\"}}]}<\/script>\n<!-- \/ Yoast SEO Premium plugin. -->","yoast_head_json":{"title":"Cl\u00ednica implantologia Dental | Dentista Implant\u00f2leg Dental | Cl\u00ednica dental Dr. Vilar Barcelona","description":"Tractaments d&#039;implantologia dental a la Cl\u00ednica dental Dr. Vilar a Barcelona amb m\u00e9s de 30 anys d&#039;experi\u00e8ncia. Som experts en Salut dental.","robots":{"index":"index","follow":"follow","max-snippet":"max-snippet:-1","max-image-preview":"max-image-preview:large","max-video-preview":"max-video-preview:-1"},"canonical":"https:\/\/clinicadrcasasvilar.com\/ca\/implants-dentals\/","og_locale":"ca_ES","og_type":"article","og_title":"Implantes Dentales","og_url":"https:\/\/clinicadrcasasvilar.com\/ca\/implants-dentals\/","og_site_name":"Clinica Dr. Vilar","article_modified_time":"2026-02-22T12:34:33+00:00","twitter_card":"summary_large_image","schema":{"@context":"https:\/\/schema.org","@graph":[{"@type":"WebPage","@id":"https:\/\/clinicadrcasasvilar.com\/implantes-dentales\/","url":"https:\/\/clinicadrcasasvilar.com\/implantes-dentales\/","name":"Cl\u00ednica implantologia Dental | Dentista Implant\u00f2leg Dental | Cl\u00ednica dental Dr. Vilar Barcelona","isPartOf":{"@id":"https:\/\/clinicadrcasasvilar.com\/#website"},"primaryImageOfPage":{"@id":"https:\/\/clinicadrcasasvilar.com\/implantes-dentales\/#primaryimage"},"image":{"@id":"https:\/\/clinicadrcasasvilar.com\/implantes-dentales\/#primaryimage"},"thumbnailUrl":"https:\/\/clinicadrcasasvilar.com\/wp-content\/uploads\/2021\/06\/implant1.png","datePublished":"2021-05-04T09:26:11+00:00","dateModified":"2026-02-22T12:34:33+00:00","description":"Tractaments d&#039;implantologia dental a la Cl\u00ednica dental Dr. Vilar a Barcelona amb m\u00e9s de 30 anys d&#039;experi\u00e8ncia. Som experts en Salut dental.","breadcrumb":{"@id":"https:\/\/clinicadrcasasvilar.com\/implantes-dentales\/#breadcrumb"},"inLanguage":"ca","potentialAction":[{"@type":"ReadAction","target":["https:\/\/clinicadrcasasvilar.com\/implantes-dentales\/"]}]},{"@type":"ImageObject","inLanguage":"ca","@id":"https:\/\/clinicadrcasasvilar.com\/implantes-dentales\/#primaryimage","url":"https:\/\/clinicadrcasasvilar.com\/wp-content\/uploads\/2021\/06\/implant1.png","contentUrl":"https:\/\/clinicadrcasasvilar.com\/wp-content\/uploads\/2021\/06\/implant1.png"},{"@type":"BreadcrumbList","@id":"https:\/\/clinicadrcasasvilar.com\/implantes-dentales\/#breadcrumb","itemListElement":[{"@type":"ListItem","position":1,"name":"Inici","item":"https:\/\/clinicadrcasasvilar.com\/"},{"@type":"ListItem","position":2,"name":"Implantes Dentales"}]},{"@type":"WebSite","@id":"https:\/\/clinicadrcasasvilar.com\/#website","url":"https:\/\/clinicadrcasasvilar.com\/","name":"Cl\u00ednica Dr. Vilar","description":"Period\u00f2ncia A Exclusiva","publisher":{"@id":"https:\/\/clinicadrcasasvilar.com\/#organization"},"potentialAction":[{"@type":"SearchAction","target":{"@type":"EntryPoint","urlTemplate":"https:\/\/clinicadrcasasvilar.com\/?s={search_term_string}"},"query-input":{"@type":"PropertyValueSpecification","valueRequired":true,"valueName":"search_term_string"}}],"inLanguage":"ca"},{"@type":"Organization","@id":"https:\/\/clinicadrcasasvilar.com\/#organization","name":"Cl\u00ednica Dental Dr. JJ Vilar","url":"https:\/\/clinicadrcasasvilar.com\/","logo":{"@type":"ImageObject","inLanguage":"ca","@id":"https:\/\/clinicadrcasasvilar.com\/#\/schema\/logo\/image\/","url":"https:\/\/clinicadrcasasvilar.com\/wp-content\/uploads\/2022\/05\/LOGO_Clinica_Casas-Vilar.png","contentUrl":"https:\/\/clinicadrcasasvilar.com\/wp-content\/uploads\/2022\/05\/LOGO_Clinica_Casas-Vilar.png","width":1024,"height":604,"caption":"Clinica Dental Dr. JJ Vilar"},"image":{"@id":"https:\/\/clinicadrcasasvilar.com\/#\/schema\/logo\/image\/"}}]}},"_links":{"self":[{"href":"https:\/\/clinicadrcasasvilar.com\/ca\/wp-json\/wp\/v2\/pages\/902","targetHints":{"allow":["GET"]}}],"collection":[{"href":"https:\/\/clinicadrcasasvilar.com\/ca\/wp-json\/wp\/v2\/pages"}],"about":[{"href":"https:\/\/clinicadrcasasvilar.com\/ca\/wp-json\/wp\/v2\/types\/page"}],"author":[{"embeddable":true,"href":"https:\/\/clinicadrcasasvilar.com\/ca\/wp-json\/wp\/v2\/users\/5"}],"replies":[{"embeddable":true,"href":"https:\/\/clinicadrcasasvilar.com\/ca\/wp-json\/wp\/v2\/comments?post=902"}],"version-history":[{"count":8,"href":"https:\/\/clinicadrcasasvilar.com\/ca\/wp-json\/wp\/v2\/pages\/902\/revisions"}],"predecessor-version":[{"id":2491,"href":"https:\/\/clinicadrcasasvilar.com\/ca\/wp-json\/wp\/v2\/pages\/902\/revisions\/2491"}],"wp:attachment":[{"href":"https:\/\/clinicadrcasasvilar.com\/ca\/wp-json\/wp\/v2\/media?parent=902"}],"curies":[{"name":"wp","href":"https:\/\/api.w.org\/{rel}","templated":true}]}}