{"id":990,"date":"2021-05-19T09:29:48","date_gmt":"2021-05-19T09:29:48","guid":{"rendered":"https:\/\/clinicadrvilar.com\/v2\/aviso-legal\/"},"modified":"2024-06-14T16:38:45","modified_gmt":"2024-06-14T16:38:45","slug":"clinica-casas-vilar-aviso-legal","status":"publish","type":"page","link":"https:\/\/clinicadrcasasvilar.com\/ca\/clinica-casas-vilar-aviso-legal\/","title":{"rendered":"Av\u00eds Legal"},"content":{"rendered":"<div class=\"fusion-fullwidth fullwidth-box fusion-builder-row-1 fusion-flex-container nonhundred-percent-fullwidth non-hundred-percent-height-scrolling\" style=\"--awb-border-radius-top-left:0px;--awb-border-radius-top-right:0px;--awb-border-radius-bottom-right:0px;--awb-border-radius-bottom-left:0px;--awb-flex-wrap:wrap;\" ><div class=\"fusion-builder-row fusion-row fusion-flex-align-items-flex-start fusion-flex-content-wrap\" style=\"max-width:1144px;margin-left: calc(-4% \/ 2 );margin-right: calc(-4% \/ 2 );\"><div class=\"fusion-layout-column fusion_builder_column fusion-builder-column-0 fusion_builder_column_1_1 1_1 fusion-flex-column\" style=\"--awb-bg-size:cover;--awb-width-large:100%;--awb-margin-top-large:0px;--awb-spacing-right-large:1.92%;--awb-margin-bottom-large:0px;--awb-spacing-left-large:1.92%;--awb-width-medium:100%;--awb-spacing-right-medium:1.92%;--awb-spacing-left-medium:1.92%;--awb-width-small:100%;--awb-spacing-right-small:1.92%;--awb-spacing-left-small:1.92%;\"><div class=\"fusion-column-wrapper fusion-flex-justify-content-flex-start fusion-content-layout-column\"><div class=\"fusion-title title fusion-title-1 fusion-title-text fusion-title-size-one\" style=\"--awb-margin-top-small:0px;--awb-margin-right-small:0px;--awb-margin-bottom-small:20px;--awb-margin-left-small:0px;\"><div class=\"title-sep-container title-sep-container-left fusion-no-large-visibility fusion-no-medium-visibility fusion-no-small-visibility\"><div class=\"title-sep sep- sep-solid\" style=\"border-color:#eff3f9;\"><\/div><\/div><span class=\"awb-title-spacer fusion-no-large-visibility fusion-no-medium-visibility fusion-no-small-visibility\"><\/span><h1 class=\"fusion-title-heading title-heading-left\" style=\"margin:0;\">Av\u00eds Legal<\/h1><span class=\"awb-title-spacer\"><\/span><div class=\"title-sep-container title-sep-container-right\"><div class=\"title-sep sep- sep-solid\" style=\"border-color:#eff3f9;\"><\/div><\/div><\/div><div class=\"fusion-text fusion-text-1\"><h2>Identificaci\u00f3 i Titularitat<\/h2>\n<p>En compliment de l&#039;article 10 de la Llei 34\/2002, d&#039;11 de juliol, de Serveis de la Societat de la Informaci\u00f3 i Comer\u00e7 Electr\u00f2nic, el Titular exposa les seves dades identificatives:<\/p>\n<ul>\n<li><b>Titular:<\/b> Francesc Xavier Casas Vilar<\/li>\n<li><b>NIF:<\/b> 46147190J<\/li>\n<li><b>Domicili:<\/b>\u00a0 Av.Diagonal 588 5\u00e8-2a, Barcelona \u2013 Espanya.<\/li>\n<li><b>Correu electr\u00f2nic:<\/b>\u00a0 info@clinicadrcasasvilar.com<\/li>\n<li><b>Tel\u00e8fon de contacte:<\/b>\u00a0 93 201 71 52<\/li>\n<li><b>Lloc Web:<\/b>\u00a0 <a href=\"https:\/\/clinicadrcasasvilar.com\/ca\/\">https:\/\/clinicadrcasasvilar.com\/<\/a><\/li>\n<\/ul>\n<h2>Finalitat<\/h2>\n<p>La finalitat del Lloc Web \u00e9s: Cl\u00ednica Dental Especialistes en Period\u00f2nica.<\/p>\n<h2>Condicions d&#039;\u00fas<\/h2>\n<p>La utilitzaci\u00f3 del Lloc Web us atorga la condici\u00f3 d&#039;Usuari, i implica l&#039;acceptaci\u00f3 completa de totes les cl\u00e0usules i condicions d&#039;\u00fas incloses a les p\u00e0gines:<\/p>\n<ul>\n<li><a href=\"https:\/\/clinicadrcasasvilar.com\/ca\/clinica-casas-vilar-aviso-legal\/\">Av\u00eds Legal<\/a><\/li>\n<li><a href=\"https:\/\/clinicadrcasasvilar.com\/ca\/clinica-cases-vilar-politica-privacitat\/\">Pol\u00edtica de Privadesa<\/a><\/li>\n<li><a href=\"https:\/\/clinicadrcasasvilar.com\/ca\/clinica-cases-vilar-politica-cookies\/\">Pol\u00edtica de Cookies<\/a><\/li>\n<\/ul>\n<p>Si no estigu\u00e9s conforme amb totes i cadascuna d&#039;aquestes cl\u00e0usules i condicions, cal abstenir-se d&#039;utilitzar el Lloc Web.<\/p>\n<p>L&#039;acc\u00e9s al Lloc Web no suposa, de cap manera, l&#039;inici d&#039;una relaci\u00f3 comercial amb el Titular.<\/p>\n<p>A trav\u00e9s del Lloc Web, el Titular us facilita l&#039;acc\u00e9s i la utilitzaci\u00f3 de diversos continguts que el Titular i\/o els seus col\u00b7laboradors han publicat per mitj\u00e0 d&#039;Internet.<\/p>\n<p>A aquest efecte, est\u00e0 obligat i comprom\u00e8s a NO utilitzar qualsevol dels continguts del Lloc Web amb fins o efectes il\u00b7l\u00edcits, prohibits en aquest Av\u00eds Legal o per la legislaci\u00f3 vigent, lesius dels drets i interessos de tercers, o que de qualsevol manera puguin danyar, inutilitzar, sobrecarregar, deteriorar o impedir la utilitzaci\u00f3 normal dels continguts, els equips inform\u00e0tics o els documents, arxius i tota mena de continguts emmagatzemats en qualsevol equip inform\u00e0tic propis o contractats pel Titular, d&#039;altres usuaris o de qualsevol usuari d&#039;Internet .<\/p>\n<h2>Mesures de seguretat<\/h2>\n<p>Les dades personals que faciliti al Titular poden ser emmagatzemades en bases de dades automatitzades o no, la titularitat de les quals correspon en exclusiva al Titular, que assumeix totes les mesures d&#039;\u00edndole t\u00e8cnica, organitzativa i de seguretat que garanteixen la confidencialitat, integritat i qualitat de la informaci\u00f3 continguda en aquestes d&#039;acord amb el que estableix la normativa vigent en protecci\u00f3 de dades.<\/p>\n<p>No obstant aix\u00f2, ha de ser conscient que les mesures de seguretat dels sistemes inform\u00e0tics a Internet no s\u00f3n completament fiables i que, per tant, el Titular no pot garantir la inexist\u00e8ncia de virus o altres elements que puguin produir alteracions en els sistemes inform\u00e0tics (software i maquinari) de l&#039;Usuari o en els seus documents electr\u00f2nics i fitxers que cont\u00e9 encara que el Titular posa tots els mitjans necessaris i pren les mesures de seguretat oportunes per evitar la pres\u00e8ncia d&#039;aquests elements nocius.<\/p>\n<h2>Tractament de dades personals<\/h2>\n<p>Podeu consultar tota la informaci\u00f3 relativa al tractament de dades personals que recull el Titular a la p\u00e0gina de <a href=\"https:\/\/clinicadrcasasvilar.com\/ca\/clinica-cases-vilar-politica-privacitat\/\">Pol\u00edtica de Privadesa<\/a>.<\/p>\n<h2>Continguts<\/h2>\n<p>El Titular ha obtingut la informaci\u00f3, el contingut multim\u00e8dia i els materials inclosos al Lloc Web de fonts que considera fiables, per\u00f2, si b\u00e9 ha pres totes les mesures raonables per assegurar que la informaci\u00f3 continguda \u00e9s correcta, el Titular no garanteix que sigui exacta , completa o actualitzada. El Titular declina expressament qualsevol responsabilitat per error o omissi\u00f3 en la informaci\u00f3 continguda a les p\u00e0gines del Lloc Web.<\/p>\n<p>Queda prohibit transmetre o enviar a trav\u00e9s del Lloc Web qualsevol contingut il\u00b7legal o il\u00b7l\u00edcit, virus inform\u00e0tics, o missatges que, en general, afectin o violin drets del Titular o de tercers.<\/p>\n<p>Els continguts del Lloc Web tenen \u00fanicament una finalitat informativa i sota cap circumst\u00e0ncia s&#039;han d&#039;usar ni considerar com a oferta de venda, sol\u00b7licitud d&#039;una oferta de compra ni recomanaci\u00f3 per fer qualsevol altra operaci\u00f3, llevat que aix\u00ed s&#039;indiqui expressament.<\/p>\n<p>El Titular es reserva el dret a modificar, suspendre, cancel\u00b7lar o restringir el contingut del Lloc Web, els enlla\u00e7os o la informaci\u00f3 obtinguda a trav\u00e9s del Lloc Web, sense necessitat de previ av\u00eds.<\/p>\n<p>El Titular no \u00e9s responsable dels danys i perjudicis que poguessin derivar-se de la utilitzaci\u00f3 de la informaci\u00f3 del Lloc Web o de la continguda a les xarxes socials del Titular.<\/p>\n<h2>Pol\u00edtica de cookies<\/h2>\n<p>Podeu consultar tota la informaci\u00f3 relativa a la pol\u00edtica de recollida i tractament de les cookies a la p\u00e0gina de <a href=\"https:\/\/clinicadrcasasvilar.com\/ca\/clinica-cases-vilar-politica-cookies\/\">Pol\u00edtica de Cookies<\/a>.<\/p>\n<h2>Enlla\u00e7os a altres llocs web<\/h2>\n<p>El Titular pot proporcionar-li acc\u00e9s a llocs web de tercers mitjan\u00e7ant enlla\u00e7os amb la finalitat exclusiva d&#039;informar sobre l&#039;exist\u00e8ncia d&#039;altres fonts d&#039;informaci\u00f3 a Internet on podr\u00e0 ampliar les dades ofertes al Lloc Web.<\/p>\n<p>Aquests enlla\u00e7os a altres llocs web no suposen en cap cas un suggeriment o recomanaci\u00f3 perqu\u00e8 visiteu les p\u00e0gines web de destinaci\u00f3, que estan fora del control del Titular, per la qual cosa el Titular no \u00e9s responsable del contingut dels llocs web vinculats ni del resultat que obtingueu en seguir els enlla\u00e7os. Aix\u00ed mateix, el Titular no respon dels links o enlla\u00e7os ubicats als llocs web vinculats als quals li proporciona acc\u00e9s.<\/p>\n<p>L&#039;establiment de l&#039;enlla\u00e7 no implica en cap cas l&#039;exist\u00e8ncia de relacions entre el titular i el propietari del lloc on s&#039;estableixi l&#039;enlla\u00e7, ni l&#039;acceptaci\u00f3 o l&#039;aprovaci\u00f3 per part del titular dels seus continguts o serveis.<\/p>\n<p>Si accediu a un lloc web extern des d&#039;un enlla\u00e7 que trobeu al Lloc Web heu de llegir la pr\u00f2pia pol\u00edtica de privadesa de l&#039;altre lloc web que pot ser diferent de la d&#039;aquest lloc web.<\/p>\n<h2>Propietat intel\u00b7lectual i industrial<\/h2>\n<p>Tots els drets estan reservats.<\/p>\n<p>Tot acc\u00e9s a aquest Lloc Web est\u00e0 subjecte a les condicions seg\u00fcents: la reproducci\u00f3, emmagatzematge permanent i la difusi\u00f3 dels continguts o qualsevol altre \u00fas que tingui finalitat p\u00fablica o comercial queda expressament prohibida sense el consentiment previ expr\u00e9s i per escrit del Titular.<\/p>\n<h2>Limitaci\u00f3 de responsabilitat<\/h2>\n<p>El Titular declina qualsevol responsabilitat en cas que hi hagi interrupcions o un mal funcionament dels Serveis o continguts oferts a Internet, sigui quina sigui la seva causa. Aix\u00ed mateix, el Titular no es fa responsable per caigudes de la xarxa, p\u00e8rdues de negoci a conseq\u00fc\u00e8ncia de les caigudes esmentades, suspensions temporals de fluid el\u00e8ctric o qualsevol altre tipus de dany indirecte que et pugui ser causat per causes alienes al Titular.<\/p>\n<p>Abans de prendre decisions i\/o accions amb base a la informaci\u00f3 inclosa al Lloc Web, el Titular us recomana comprovar i contrastar la informaci\u00f3 rebuda amb altres fonts.<\/p>\n<h2>Jurisdicci\u00f3<\/h2>\n<p>Aquest Av\u00eds Legal es regeix \u00edntegrament per la legislaci\u00f3 espanyola.<\/p>\n<h2>Contacte<\/h2>\n<p>En caso de que usted tenga cualquier duda acerca de este Aviso Legal o quiera realizar cualquier comentario sobre el Sitio Web, puede enviar un mensaje de correo electr\u00f3nico a la direcci\u00f3n: info@clinicadrcasasvilar.com<\/p>\n<div class=\"fusion-fullwidth fullwidth-box fusion-builder-row-1 fusion-flex-container hundred-percent-fullwidth non-hundred-percent-height-scrolling fusion-sticky-container fusion-custom-z-index\" data-transition-offset=\"0\" data-sticky-offset=\"0\" data-scroll-offset=\"0\" data-sticky-small-visibility=\"1\" data-sticky-medium-visibility=\"1\" data-sticky-large-visibility=\"1\" data-sticky_kit=\"true\">\n<div class=\"fusion-builder-row fusion-row fusion-flex-align-items-stretch\">\n<div class=\"fusion-layout-column fusion_builder_column fusion-builder-column-0 fusion_builder_column_1_1 1_1 fusion-flex-column fusion-no-small-visibility\">\n<div class=\"fusion-column-wrapper fusion-flex-justify-content-center fusion-content-layout-row\">\n<div><\/div>\n<\/div>\n<\/div>\n<\/div>\n<\/div>\n<\/div><\/div><\/div><\/div><\/div>","protected":false},"excerpt":{"rendered":"","protected":false},"author":5,"featured_media":0,"parent":0,"menu_order":0,"comment_status":"closed","ping_status":"closed","template":"","meta":{"footnotes":""},"class_list":["post-990","page","type-page","status-publish","hentry"],"yoast_head":"<!-- This site is optimized with the Yoast SEO Premium plugin v18.1 (Yoast SEO v27.4) - https:\/\/yoast.com\/product\/yoast-seo-premium-wordpress\/ -->\n<title>Aviso Legal - Clinica Dr. Vilar<\/title>\n<meta name=\"robots\" content=\"index, follow, max-snippet:-1, max-image-preview:large, max-video-preview:-1\" \/>\n<link rel=\"canonical\" href=\"https:\/\/clinicadrcasasvilar.com\/ca\/clinica-casas-vilar-aviso-legal\/\" \/>\n<meta property=\"og:locale\" content=\"ca_ES\" \/>\n<meta property=\"og:type\" content=\"article\" \/>\n<meta property=\"og:title\" content=\"Aviso Legal\" \/>\n<meta property=\"og:url\" content=\"https:\/\/clinicadrcasasvilar.com\/ca\/clinica-casas-vilar-aviso-legal\/\" \/>\n<meta property=\"og:site_name\" content=\"Clinica Dr. Vilar\" \/>\n<meta property=\"article:modified_time\" content=\"2024-06-14T16:38:45+00:00\" \/>\n<meta name=\"twitter:card\" content=\"summary_large_image\" \/>\n<script type=\"application\/ld+json\" class=\"yoast-schema-graph\">{\"@context\":\"https:\\\/\\\/schema.org\",\"@graph\":[{\"@type\":\"WebPage\",\"@id\":\"https:\\\/\\\/clinicadrcasasvilar.com\\\/clinica-casas-vilar-aviso-legal\\\/\",\"url\":\"https:\\\/\\\/clinicadrcasasvilar.com\\\/clinica-casas-vilar-aviso-legal\\\/\",\"name\":\"Aviso Legal - Clinica Dr. Vilar\",\"isPartOf\":{\"@id\":\"https:\\\/\\\/clinicadrcasasvilar.com\\\/#website\"},\"datePublished\":\"2021-05-19T09:29:48+00:00\",\"dateModified\":\"2024-06-14T16:38:45+00:00\",\"breadcrumb\":{\"@id\":\"https:\\\/\\\/clinicadrcasasvilar.com\\\/clinica-casas-vilar-aviso-legal\\\/#breadcrumb\"},\"inLanguage\":\"ca\",\"potentialAction\":[{\"@type\":\"ReadAction\",\"target\":[\"https:\\\/\\\/clinicadrcasasvilar.com\\\/clinica-casas-vilar-aviso-legal\\\/\"]}]},{\"@type\":\"BreadcrumbList\",\"@id\":\"https:\\\/\\\/clinicadrcasasvilar.com\\\/clinica-casas-vilar-aviso-legal\\\/#breadcrumb\",\"itemListElement\":[{\"@type\":\"ListItem\",\"position\":1,\"name\":\"Inici\",\"item\":\"https:\\\/\\\/clinicadrcasasvilar.com\\\/\"},{\"@type\":\"ListItem\",\"position\":2,\"name\":\"Aviso Legal\"}]},{\"@type\":\"WebSite\",\"@id\":\"https:\\\/\\\/clinicadrcasasvilar.com\\\/#website\",\"url\":\"https:\\\/\\\/clinicadrcasasvilar.com\\\/\",\"name\":\"Clinica Dr. Vilar\",\"description\":\"Per\u00edodoncia En Exclusiva\",\"publisher\":{\"@id\":\"https:\\\/\\\/clinicadrcasasvilar.com\\\/#organization\"},\"potentialAction\":[{\"@type\":\"SearchAction\",\"target\":{\"@type\":\"EntryPoint\",\"urlTemplate\":\"https:\\\/\\\/clinicadrcasasvilar.com\\\/?s={search_term_string}\"},\"query-input\":{\"@type\":\"PropertyValueSpecification\",\"valueRequired\":true,\"valueName\":\"search_term_string\"}}],\"inLanguage\":\"ca\"},{\"@type\":\"Organization\",\"@id\":\"https:\\\/\\\/clinicadrcasasvilar.com\\\/#organization\",\"name\":\"Clinica Dental Dr. JJ Vilar\",\"url\":\"https:\\\/\\\/clinicadrcasasvilar.com\\\/\",\"logo\":{\"@type\":\"ImageObject\",\"inLanguage\":\"ca\",\"@id\":\"https:\\\/\\\/clinicadrcasasvilar.com\\\/#\\\/schema\\\/logo\\\/image\\\/\",\"url\":\"https:\\\/\\\/clinicadrcasasvilar.com\\\/wp-content\\\/uploads\\\/2022\\\/05\\\/LOGO_Clinica_Casas-Vilar.png\",\"contentUrl\":\"https:\\\/\\\/clinicadrcasasvilar.com\\\/wp-content\\\/uploads\\\/2022\\\/05\\\/LOGO_Clinica_Casas-Vilar.png\",\"width\":1024,\"height\":604,\"caption\":\"Clinica Dental Dr. JJ Vilar\"},\"image\":{\"@id\":\"https:\\\/\\\/clinicadrcasasvilar.com\\\/#\\\/schema\\\/logo\\\/image\\\/\"}}]}<\/script>\n<!-- \/ Yoast SEO Premium plugin. -->","yoast_head_json":{"title":"Av\u00eds Legal - Cl\u00ednica Dr. Vilar","robots":{"index":"index","follow":"follow","max-snippet":"max-snippet:-1","max-image-preview":"max-image-preview:large","max-video-preview":"max-video-preview:-1"},"canonical":"https:\/\/clinicadrcasasvilar.com\/ca\/clinica-casas-vilar-aviso-legal\/","og_locale":"ca_ES","og_type":"article","og_title":"Aviso Legal","og_url":"https:\/\/clinicadrcasasvilar.com\/ca\/clinica-casas-vilar-aviso-legal\/","og_site_name":"Clinica Dr. Vilar","article_modified_time":"2024-06-14T16:38:45+00:00","twitter_card":"summary_large_image","schema":{"@context":"https:\/\/schema.org","@graph":[{"@type":"WebPage","@id":"https:\/\/clinicadrcasasvilar.com\/clinica-casas-vilar-aviso-legal\/","url":"https:\/\/clinicadrcasasvilar.com\/clinica-casas-vilar-aviso-legal\/","name":"Av\u00eds Legal - Cl\u00ednica Dr. Vilar","isPartOf":{"@id":"https:\/\/clinicadrcasasvilar.com\/#website"},"datePublished":"2021-05-19T09:29:48+00:00","dateModified":"2024-06-14T16:38:45+00:00","breadcrumb":{"@id":"https:\/\/clinicadrcasasvilar.com\/clinica-casas-vilar-aviso-legal\/#breadcrumb"},"inLanguage":"ca","potentialAction":[{"@type":"ReadAction","target":["https:\/\/clinicadrcasasvilar.com\/clinica-casas-vilar-aviso-legal\/"]}]},{"@type":"BreadcrumbList","@id":"https:\/\/clinicadrcasasvilar.com\/clinica-casas-vilar-aviso-legal\/#breadcrumb","itemListElement":[{"@type":"ListItem","position":1,"name":"Inici","item":"https:\/\/clinicadrcasasvilar.com\/"},{"@type":"ListItem","position":2,"name":"Aviso Legal"}]},{"@type":"WebSite","@id":"https:\/\/clinicadrcasasvilar.com\/#website","url":"https:\/\/clinicadrcasasvilar.com\/","name":"Cl\u00ednica Dr. Vilar","description":"Period\u00f2ncia A Exclusiva","publisher":{"@id":"https:\/\/clinicadrcasasvilar.com\/#organization"},"potentialAction":[{"@type":"SearchAction","target":{"@type":"EntryPoint","urlTemplate":"https:\/\/clinicadrcasasvilar.com\/?s={search_term_string}"},"query-input":{"@type":"PropertyValueSpecification","valueRequired":true,"valueName":"search_term_string"}}],"inLanguage":"ca"},{"@type":"Organization","@id":"https:\/\/clinicadrcasasvilar.com\/#organization","name":"Cl\u00ednica Dental Dr. JJ Vilar","url":"https:\/\/clinicadrcasasvilar.com\/","logo":{"@type":"ImageObject","inLanguage":"ca","@id":"https:\/\/clinicadrcasasvilar.com\/#\/schema\/logo\/image\/","url":"https:\/\/clinicadrcasasvilar.com\/wp-content\/uploads\/2022\/05\/LOGO_Clinica_Casas-Vilar.png","contentUrl":"https:\/\/clinicadrcasasvilar.com\/wp-content\/uploads\/2022\/05\/LOGO_Clinica_Casas-Vilar.png","width":1024,"height":604,"caption":"Clinica Dental Dr. JJ Vilar"},"image":{"@id":"https:\/\/clinicadrcasasvilar.com\/#\/schema\/logo\/image\/"}}]}},"_links":{"self":[{"href":"https:\/\/clinicadrcasasvilar.com\/ca\/wp-json\/wp\/v2\/pages\/990","targetHints":{"allow":["GET"]}}],"collection":[{"href":"https:\/\/clinicadrcasasvilar.com\/ca\/wp-json\/wp\/v2\/pages"}],"about":[{"href":"https:\/\/clinicadrcasasvilar.com\/ca\/wp-json\/wp\/v2\/types\/page"}],"author":[{"embeddable":true,"href":"https:\/\/clinicadrcasasvilar.com\/ca\/wp-json\/wp\/v2\/users\/5"}],"replies":[{"embeddable":true,"href":"https:\/\/clinicadrcasasvilar.com\/ca\/wp-json\/wp\/v2\/comments?post=990"}],"version-history":[{"count":6,"href":"https:\/\/clinicadrcasasvilar.com\/ca\/wp-json\/wp\/v2\/pages\/990\/revisions"}],"predecessor-version":[{"id":2460,"href":"https:\/\/clinicadrcasasvilar.com\/ca\/wp-json\/wp\/v2\/pages\/990\/revisions\/2460"}],"wp:attachment":[{"href":"https:\/\/clinicadrcasasvilar.com\/ca\/wp-json\/wp\/v2\/media?parent=990"}],"curies":[{"name":"wp","href":"https:\/\/api.w.org\/{rel}","templated":true}]}}