{"id":991,"date":"2021-05-19T09:29:48","date_gmt":"2021-05-19T09:29:48","guid":{"rendered":"https:\/\/clinicadrvilar.com\/v2\/politica-de-cookies\/"},"modified":"2024-06-14T16:40:15","modified_gmt":"2024-06-14T16:40:15","slug":"clinica-cases-vilar-politica-cookies","status":"publish","type":"page","link":"https:\/\/clinicadrcasasvilar.com\/ca\/clinica-casas-vilar-politica-cookies\/","title":{"rendered":"Pol\u00edtica de Cookies"},"content":{"rendered":"<div class=\"fusion-fullwidth fullwidth-box fusion-builder-row-1 fusion-flex-container nonhundred-percent-fullwidth non-hundred-percent-height-scrolling\" style=\"--awb-border-radius-top-left:0px;--awb-border-radius-top-right:0px;--awb-border-radius-bottom-right:0px;--awb-border-radius-bottom-left:0px;--awb-flex-wrap:wrap;\" ><div class=\"fusion-builder-row fusion-row fusion-flex-align-items-flex-start fusion-flex-content-wrap\" style=\"max-width:1144px;margin-left: calc(-4% \/ 2 );margin-right: calc(-4% \/ 2 );\"><div class=\"fusion-layout-column fusion_builder_column fusion-builder-column-0 fusion_builder_column_1_1 1_1 fusion-flex-column\" style=\"--awb-bg-size:cover;--awb-width-large:100%;--awb-margin-top-large:0px;--awb-spacing-right-large:1.92%;--awb-margin-bottom-large:20px;--awb-spacing-left-large:1.92%;--awb-width-medium:100%;--awb-order-medium:0;--awb-spacing-right-medium:1.92%;--awb-spacing-left-medium:1.92%;--awb-width-small:100%;--awb-order-small:0;--awb-spacing-right-small:1.92%;--awb-spacing-left-small:1.92%;\"><div class=\"fusion-column-wrapper fusion-column-has-shadow fusion-flex-justify-content-flex-start fusion-content-layout-column\"><div class=\"fusion-title title fusion-title-1 fusion-title-text fusion-title-size-one\" style=\"--awb-margin-top-small:0px;--awb-margin-right-small:0px;--awb-margin-bottom-small:20px;--awb-margin-left-small:0px;\"><div class=\"title-sep-container title-sep-container-left fusion-no-large-visibility fusion-no-medium-visibility fusion-no-small-visibility\"><div class=\"title-sep sep- sep-solid\" style=\"border-color:#eff3f9;\"><\/div><\/div><span class=\"awb-title-spacer fusion-no-large-visibility fusion-no-medium-visibility fusion-no-small-visibility\"><\/span><h1 class=\"fusion-title-heading title-heading-left\" style=\"margin:0;\">Pol\u00edtica de Cookies<\/h1><span class=\"awb-title-spacer\"><\/span><div class=\"title-sep-container title-sep-container-right\"><div class=\"title-sep sep- sep-solid\" style=\"border-color:#eff3f9;\"><\/div><\/div><\/div><div class=\"fusion-text fusion-text-1\"><p>En compliment amb l&#039;article 22 de la Llei 34\/2002, de 11 de juliol, de serveis de la societat de la informaci\u00f3 i de comer\u00e7 electr\u00f2nic (LSSI), en relaci\u00f3 amb el Reglament (UE) 2016\/679 del Parlament Europeu i del Consell, de 27 d&#039;abril del 2016, General de Protecci\u00f3 de Dades (RGPD) i la Llei Org\u00e0nica 3\/2018, de 5 de desembre, de Protecci\u00f3 de Dades i garantia dels drets digitals (LOPDGDD), el Titular posa a disposici\u00f3 de els usuaris la Pol\u00edtica de recollida i tractament de cookies del lloc web.<\/p>\n<h2>Qu\u00e8 s\u00f3n les Cookies<\/h2>\n<p>Una cookie \u00e9s un fitxer que es descarrega al vostre ordinador en entrar a determinades p\u00e0gines web. Les cookies permeten una p\u00e0gina web, entre altres coses, emmagatzemar i recuperar informaci\u00f3 sobre els seus h\u00e0bits de navegaci\u00f3 i segons la informaci\u00f3 que contingui i de la manera com utilitzi el seu equip poden utilitzar per identificar-lo.<\/p>\n<h2>Cookies utilitzades al lloc web<\/h2>\n<p>A continuaci\u00f3 es classifiquen les cookies utilitzades pel lloc web\u00a0<a href=\"https:\/\/clinicadrcasasvilar.com\/ca\/clinica-cases-vilar-politica-cookies\/\">https:\/\/clinicadrcasasvilar.com\/<\/a>:<\/p>\n<p><b>Segons l&#039;entitat que les gestiona<\/b><\/p>\n<ul>\n<li>Cookies pr\u00f2pies: S\u00f3n aquelles enviades i gestionades directament pel Titular.<\/li>\n<li>Cookies de tercers: S\u00f3n aquelles que s'envien a l'Usuari des d'un domini ali\u00e8 al Titular.<\/li>\n<\/ul>\n<p><b>Segons la finalitat<\/b><\/p>\n<ul>\n<li>Cookies t\u00e8cniques: S\u00f3n aquelles que permeten als usuaris registrats navegar a trav\u00e9s del lloc web, de l'\u00e0rea restringida ia utilitzar les seves diferents funcions, com ara el sistema de comentaris o el cercador.<\/li>\n<li>Cookies de personalitzaci\u00f3: S\u00f3n aquells que permeten als usuaris accedir al Servei amb algunes caracter\u00edstiques de car\u00e0cter general predefinides en funci\u00f3 d'una s\u00e8rie de criteris establerts per l'Usuari com, per exemple, l'idioma o el tipus de navegador a trav\u00e9s del qual es connecta a aquest lloc web.<\/li>\n<li>Cookies d&#039;an\u00e0lisi o mesurament: S\u00f3n aquelles que, ben tractades pel lloc web o per tercers, permetre quantificar el nombre d&#039;usuaris i aix\u00ed realitzar el mesurament i l&#039;an\u00e0lisi estad\u00edstica de la utilitzaci\u00f3 que fan els usuaris del lloc web. Per aix\u00f2 s&#039;analitza la navegaci\u00f3 que fas en aquest lloc web per tal de millorar-lo.<\/li>\n<li>Cookies socials: S\u00f3n establertes per les plataformes de xarxes socials per permetre que els usuaris comparteixin contingut amb els seus amics i xarxes.<\/li>\n<\/ul>\n<p><b>Segons la durada<\/b><\/p>\n<ul>\n<li>Cookies de sessi\u00f3: S\u00f3n aquestes dissenyades per demanar i emmagatzemar dades mentre l&#039;Usuari accedeix al lloc web.<\/li>\n<li>Cookies persistents: S\u00f3n aquelles en qu\u00e8 les dades segueixen emmagatzemades al terminal de l&#039;Usuari i poden ser accedides i tractades durant un per\u00edode definit pel responsable de la galeta.<\/li>\n<\/ul>\n<h2>Llistat de cookies utilitzades<\/h2>\n<p>Aquest lloc web pot instal\u00b7lar les cookies seg\u00fcents:<\/p>\n<p><b>Cookies t\u00e8cniques<\/b><\/p>\n<ul>\n<li><b>wp-settings-:<\/b>\u00a0Cookie t\u00e8cnica que es fa servir per mantenir la configuraci\u00f3 de l&#039;Usuari a l&#039;escriptori de WordPress (\/ wp-admin). \u00c9s persistent i t\u00e9 una durada de 1 any.<\/li>\n<li><b>hasConsent:<\/b>\u00a0Cookie t\u00e8cnica que emmagatzema el consentiment de l&#039;usuari. \u00c9s persistent i t\u00e9 una durada de 1 any.<\/li>\n<\/ul>\n<p><b>Cookies d'an\u00e0lisi o mesura<\/b><\/p>\n<ul>\n<li><b>_ga:<\/b>\u00a0Cookie Anal\u00edtica que habilita la funci\u00f3 de control de visites \u00faniques. \u00c9s persistent i t\u00e9 una durada de 2 anys.<\/li>\n<li><b>_gat:<\/b>\u00a0Cookie Anal\u00edtica per limitar el nombre de sol\u00b7licituds. El seu \u00e0mbit \u00e9s la sessi\u00f3 i t\u00e9 una durada de 1 minut.<\/li>\n<li><b>_gid:<\/b>\u00a0Cookie Anal\u00edtica per distingir usuaris. El seu \u00e0mbit \u00e9s la sessi\u00f3 i t\u00e9 una durada de 24 hores.<\/li>\n<\/ul>\n<p>Informaci\u00f3 addicional:<\/p>\n<ul>\n<li>Google Analytics pot instal\u00b7lar altres cookies segons el document \u00das de les cookies de Google Analytics a llocs web que podeu consultar\u00a0<a href=\"https:\/\/developers.google.com\/analytics\/devguides\/collection\/analyticsjs\/cookie-usage?hl=es\" target=\"_blank\" rel=\"noopener noreferrer nofollow\">en aquest enlla\u00e7<\/a>.<\/li>\n<\/ul>\n<p><b>Cookies socials<\/b><\/p>\n<ul>\n<li>El lloc web inclou altres funcionalitats proporcionades per serveis de tercers i xarxes socials per millorar lexperi\u00e8ncia dels visitants. Podeu compartir el contingut a les vostres xarxes socials com Facebook, Twitter, Instagram, Vimeo o YouTube amb els botons inclosos a aquest efecte o amb les eines per compartir pr\u00f2pies de les xarxes socials. Com a resultat, aquests serveis poden instal\u00b7lar cookies i utilitzar-les per rastrejar la seva activitat en l\u00ednia. El Titular no t\u00e9 control directe sobre la informaci\u00f3 recopilada per aquestes Cookies.<\/li>\n<\/ul>\n<p>El lloc web pot instal\u00b7lar altres cookies:<\/p>\n<p>fusion_metabox_tab_2071<br \/>\nfusion_metabox_tab_2121<br \/>\n_gid<br \/>\nwordpress_test_cookie<br \/>\nwevarnishpass<br \/>\nfusionredux_current_tab<br \/>\n_ga<br \/>\n_ga_JR34YSSVNF<br \/>\nwp-settings-*<\/p>\n<h2>Acceptaci\u00f3 o rebuig de la instal\u00b7laci\u00f3 de cookies<\/h2>\n<p>El Titular mostra informaci\u00f3 sobre la seva Pol\u00edtica de cookies al b\u00e0ner de cookies accessible a totes les p\u00e0gines del Lloc Web. El banner de cookies mostra informaci\u00f3 essencial sobre el tractament de dades i permet a l&#039;Usuari realitzar les accions seg\u00fcents:<\/p>\n<ul>\n<li>Acceptar o rebutjar la instal\u00b7laci\u00f3 de cookies, o retirar el consentiment atorgat pr\u00e8viament.<\/li>\n<\/ul>\n<h2>Eliminaci\u00f3 de cookies<\/h2>\n<p>Podeu acceptar, bloquejar o eliminar les cookies instal\u00b7lades al vostre equip mitjan\u00e7ant la configuraci\u00f3 de les opcions del navegador, per\u00f2 tingueu en compte que part del lloc no funcionar\u00e0 correctament o que algunes de les seves funcionalitats no estaran disponibles o tindran errors.<\/p>\n<p>En els seg\u00fcents enlla\u00e7os trobareu instruccions per habilitar o deshabilitar les cookies als navegadors m\u00e9s comuns.<\/p>\n<ul>\n<li><a href=\"http:\/\/support.mozilla.org\/es\/kb\/habilitar-y-deshabilitar-cookies-que-los-sitios-we\" target=\"_blank\" rel=\"nofollow noopener\">Firefox<\/a><\/li>\n<li><a href=\"https:\/\/support.google.com\/chrome\/answer\/95647?hl=es\" target=\"_blank\" rel=\"noopener noreferrer nofollow\">Google Chrome<\/a><\/li>\n<li><a href=\"https:\/\/support.microsoft.com\/es-es\/help\/17442\/windows-internet-explorer-delete-manage-cookies#ie=%22ie-10\" target=\"_blank\" rel=\"noopener noreferrer nofollow\">Internet Explorer<\/a><\/li>\n<li><a href=\"https:\/\/support.microsoft.com\/es-es\/help\/4468242\/microsoft-edge-browsing-data-and-privacy\" target=\"_blank\" rel=\"noopener noreferrer nofollow\">Microsoft Edge<\/a><\/li>\n<li><a href=\"http:\/\/support.apple.com\/kb\/HT1677?viewlocale=es_ES\" target=\"_blank\" rel=\"nofollow noopener\">Safari<\/a><\/li>\n<\/ul>\n<h2>Tractament de dades personals<\/h2>\n<p>El Titular \u00e9s el Responsable del tractament de les dades personals de lusuari. .<\/p>\n<h2>Contacte<\/h2>\n<p>En cas que tingueu algun dubte sobre aquesta Pol\u00edtica de Cookies o vulgueu realitzar qualsevol comentari sobre aquest lloc web, podeu enviar un missatge a l&#039;adre\u00e7a de correu electr\u00f2nic: info@clinicadrvilar.com<\/p>\n<\/div><\/div><\/div><\/div><\/div>","protected":false},"excerpt":{"rendered":"","protected":false},"author":5,"featured_media":0,"parent":0,"menu_order":0,"comment_status":"closed","ping_status":"closed","template":"","meta":{"footnotes":""},"class_list":["post-991","page","type-page","status-publish","hentry"],"yoast_head":"<!-- This site is optimized with the Yoast SEO Premium plugin v18.1 (Yoast SEO v27.4) - https:\/\/yoast.com\/product\/yoast-seo-premium-wordpress\/ -->\n<title>Pol\u00edtica de Cookies - Clinica Dr. Vilar<\/title>\n<meta name=\"robots\" content=\"index, follow, max-snippet:-1, max-image-preview:large, max-video-preview:-1\" \/>\n<link rel=\"canonical\" href=\"https:\/\/clinicadrcasasvilar.com\/ca\/clinica-cases-vilar-politica-cookies\/\" \/>\n<meta property=\"og:locale\" content=\"ca_ES\" \/>\n<meta property=\"og:type\" content=\"article\" \/>\n<meta property=\"og:title\" content=\"Pol\u00edtica de Cookies\" \/>\n<meta property=\"og:url\" content=\"https:\/\/clinicadrcasasvilar.com\/ca\/clinica-cases-vilar-politica-cookies\/\" \/>\n<meta property=\"og:site_name\" content=\"Clinica Dr. Vilar\" \/>\n<meta property=\"article:modified_time\" content=\"2024-06-14T16:40:15+00:00\" \/>\n<meta name=\"twitter:card\" content=\"summary_large_image\" \/>\n<script type=\"application\/ld+json\" class=\"yoast-schema-graph\">{\"@context\":\"https:\\\/\\\/schema.org\",\"@graph\":[{\"@type\":\"WebPage\",\"@id\":\"https:\\\/\\\/clinicadrcasasvilar.com\\\/clinica-casas-vilar-politica-cookies\\\/\",\"url\":\"https:\\\/\\\/clinicadrcasasvilar.com\\\/clinica-casas-vilar-politica-cookies\\\/\",\"name\":\"Pol\u00edtica de Cookies - Clinica Dr. Vilar\",\"isPartOf\":{\"@id\":\"https:\\\/\\\/clinicadrcasasvilar.com\\\/#website\"},\"datePublished\":\"2021-05-19T09:29:48+00:00\",\"dateModified\":\"2024-06-14T16:40:15+00:00\",\"breadcrumb\":{\"@id\":\"https:\\\/\\\/clinicadrcasasvilar.com\\\/clinica-casas-vilar-politica-cookies\\\/#breadcrumb\"},\"inLanguage\":\"ca\",\"potentialAction\":[{\"@type\":\"ReadAction\",\"target\":[\"https:\\\/\\\/clinicadrcasasvilar.com\\\/clinica-casas-vilar-politica-cookies\\\/\"]}]},{\"@type\":\"BreadcrumbList\",\"@id\":\"https:\\\/\\\/clinicadrcasasvilar.com\\\/clinica-casas-vilar-politica-cookies\\\/#breadcrumb\",\"itemListElement\":[{\"@type\":\"ListItem\",\"position\":1,\"name\":\"Inici\",\"item\":\"https:\\\/\\\/clinicadrcasasvilar.com\\\/\"},{\"@type\":\"ListItem\",\"position\":2,\"name\":\"Pol\u00edtica de Cookies\"}]},{\"@type\":\"WebSite\",\"@id\":\"https:\\\/\\\/clinicadrcasasvilar.com\\\/#website\",\"url\":\"https:\\\/\\\/clinicadrcasasvilar.com\\\/\",\"name\":\"Clinica Dr. Vilar\",\"description\":\"Per\u00edodoncia En Exclusiva\",\"publisher\":{\"@id\":\"https:\\\/\\\/clinicadrcasasvilar.com\\\/#organization\"},\"potentialAction\":[{\"@type\":\"SearchAction\",\"target\":{\"@type\":\"EntryPoint\",\"urlTemplate\":\"https:\\\/\\\/clinicadrcasasvilar.com\\\/?s={search_term_string}\"},\"query-input\":{\"@type\":\"PropertyValueSpecification\",\"valueRequired\":true,\"valueName\":\"search_term_string\"}}],\"inLanguage\":\"ca\"},{\"@type\":\"Organization\",\"@id\":\"https:\\\/\\\/clinicadrcasasvilar.com\\\/#organization\",\"name\":\"Clinica Dental Dr. JJ Vilar\",\"url\":\"https:\\\/\\\/clinicadrcasasvilar.com\\\/\",\"logo\":{\"@type\":\"ImageObject\",\"inLanguage\":\"ca\",\"@id\":\"https:\\\/\\\/clinicadrcasasvilar.com\\\/#\\\/schema\\\/logo\\\/image\\\/\",\"url\":\"https:\\\/\\\/clinicadrcasasvilar.com\\\/wp-content\\\/uploads\\\/2022\\\/05\\\/LOGO_Clinica_Casas-Vilar.png\",\"contentUrl\":\"https:\\\/\\\/clinicadrcasasvilar.com\\\/wp-content\\\/uploads\\\/2022\\\/05\\\/LOGO_Clinica_Casas-Vilar.png\",\"width\":1024,\"height\":604,\"caption\":\"Clinica Dental Dr. JJ Vilar\"},\"image\":{\"@id\":\"https:\\\/\\\/clinicadrcasasvilar.com\\\/#\\\/schema\\\/logo\\\/image\\\/\"}}]}<\/script>\n<!-- \/ Yoast SEO Premium plugin. -->","yoast_head_json":{"title":"Pol\u00edtica de Cookies - Cl\u00ednica Dr. Vilar","robots":{"index":"index","follow":"follow","max-snippet":"max-snippet:-1","max-image-preview":"max-image-preview:large","max-video-preview":"max-video-preview:-1"},"canonical":"https:\/\/clinicadrcasasvilar.com\/ca\/clinica-cases-vilar-politica-cookies\/","og_locale":"ca_ES","og_type":"article","og_title":"Pol\u00edtica de Cookies","og_url":"https:\/\/clinicadrcasasvilar.com\/ca\/clinica-cases-vilar-politica-cookies\/","og_site_name":"Clinica Dr. Vilar","article_modified_time":"2024-06-14T16:40:15+00:00","twitter_card":"summary_large_image","schema":{"@context":"https:\/\/schema.org","@graph":[{"@type":"WebPage","@id":"https:\/\/clinicadrcasasvilar.com\/clinica-casas-vilar-politica-cookies\/","url":"https:\/\/clinicadrcasasvilar.com\/clinica-casas-vilar-politica-cookies\/","name":"Pol\u00edtica de Cookies - Cl\u00ednica Dr. Vilar","isPartOf":{"@id":"https:\/\/clinicadrcasasvilar.com\/#website"},"datePublished":"2021-05-19T09:29:48+00:00","dateModified":"2024-06-14T16:40:15+00:00","breadcrumb":{"@id":"https:\/\/clinicadrcasasvilar.com\/clinica-casas-vilar-politica-cookies\/#breadcrumb"},"inLanguage":"ca","potentialAction":[{"@type":"ReadAction","target":["https:\/\/clinicadrcasasvilar.com\/clinica-casas-vilar-politica-cookies\/"]}]},{"@type":"BreadcrumbList","@id":"https:\/\/clinicadrcasasvilar.com\/clinica-casas-vilar-politica-cookies\/#breadcrumb","itemListElement":[{"@type":"ListItem","position":1,"name":"Inici","item":"https:\/\/clinicadrcasasvilar.com\/"},{"@type":"ListItem","position":2,"name":"Pol\u00edtica de Cookies"}]},{"@type":"WebSite","@id":"https:\/\/clinicadrcasasvilar.com\/#website","url":"https:\/\/clinicadrcasasvilar.com\/","name":"Cl\u00ednica Dr. Vilar","description":"Period\u00f2ncia A Exclusiva","publisher":{"@id":"https:\/\/clinicadrcasasvilar.com\/#organization"},"potentialAction":[{"@type":"SearchAction","target":{"@type":"EntryPoint","urlTemplate":"https:\/\/clinicadrcasasvilar.com\/?s={search_term_string}"},"query-input":{"@type":"PropertyValueSpecification","valueRequired":true,"valueName":"search_term_string"}}],"inLanguage":"ca"},{"@type":"Organization","@id":"https:\/\/clinicadrcasasvilar.com\/#organization","name":"Cl\u00ednica Dental Dr. JJ Vilar","url":"https:\/\/clinicadrcasasvilar.com\/","logo":{"@type":"ImageObject","inLanguage":"ca","@id":"https:\/\/clinicadrcasasvilar.com\/#\/schema\/logo\/image\/","url":"https:\/\/clinicadrcasasvilar.com\/wp-content\/uploads\/2022\/05\/LOGO_Clinica_Casas-Vilar.png","contentUrl":"https:\/\/clinicadrcasasvilar.com\/wp-content\/uploads\/2022\/05\/LOGO_Clinica_Casas-Vilar.png","width":1024,"height":604,"caption":"Clinica Dental Dr. JJ Vilar"},"image":{"@id":"https:\/\/clinicadrcasasvilar.com\/#\/schema\/logo\/image\/"}}]}},"_links":{"self":[{"href":"https:\/\/clinicadrcasasvilar.com\/ca\/wp-json\/wp\/v2\/pages\/991","targetHints":{"allow":["GET"]}}],"collection":[{"href":"https:\/\/clinicadrcasasvilar.com\/ca\/wp-json\/wp\/v2\/pages"}],"about":[{"href":"https:\/\/clinicadrcasasvilar.com\/ca\/wp-json\/wp\/v2\/types\/page"}],"author":[{"embeddable":true,"href":"https:\/\/clinicadrcasasvilar.com\/ca\/wp-json\/wp\/v2\/users\/5"}],"replies":[{"embeddable":true,"href":"https:\/\/clinicadrcasasvilar.com\/ca\/wp-json\/wp\/v2\/comments?post=991"}],"version-history":[{"count":6,"href":"https:\/\/clinicadrcasasvilar.com\/ca\/wp-json\/wp\/v2\/pages\/991\/revisions"}],"predecessor-version":[{"id":2462,"href":"https:\/\/clinicadrcasasvilar.com\/ca\/wp-json\/wp\/v2\/pages\/991\/revisions\/2462"}],"wp:attachment":[{"href":"https:\/\/clinicadrcasasvilar.com\/ca\/wp-json\/wp\/v2\/media?parent=991"}],"curies":[{"name":"wp","href":"https:\/\/api.w.org\/{rel}","templated":true}]}}