{"id":898,"date":"2021-05-04T09:20:58","date_gmt":"2021-05-04T09:20:58","guid":{"rendered":"https:\/\/clinicadrvilar.com\/v2\/?page_id=898"},"modified":"2026-02-22T12:29:13","modified_gmt":"2026-02-22T12:29:13","slug":"scan-and-diagnosis","status":"publish","type":"page","link":"https:\/\/clinicadrcasasvilar.com\/en\/exploracion-y-diagnostico\/","title":{"rendered":"Exploration and Diagnosis"},"content":{"rendered":"<p><div class=\"fusion-fullwidth fullwidth-box fusion-builder-row-1 fusion-flex-container nonhundred-percent-fullwidth non-hundred-percent-height-scrolling\" style=\"--awb-border-radius-top-left:0px;--awb-border-radius-top-right:0px;--awb-border-radius-bottom-right:0px;--awb-border-radius-bottom-left:0px;--awb-padding-right-small:12px;--awb-padding-left-small:12px;--awb-flex-wrap:wrap;\" ><div class=\"fusion-builder-row fusion-row fusion-flex-align-items-flex-start fusion-flex-content-wrap\" style=\"max-width:1144px;margin-left: calc(-4% \/ 2 );margin-right: calc(-4% \/ 2 );\"><div class=\"fusion-layout-column fusion_builder_column fusion-builder-column-0 fusion_builder_column_1_1 1_1 fusion-flex-column\" style=\"--awb-bg-size:cover;--awb-width-large:100%;--awb-margin-top-large:0px;--awb-spacing-right-large:1.92%;--awb-margin-bottom-large:0px;--awb-spacing-left-large:1.92%;--awb-width-medium:100%;--awb-spacing-right-medium:1.92%;--awb-spacing-left-medium:1.92%;--awb-width-small:100%;--awb-spacing-right-small:1.92%;--awb-spacing-left-small:1.92%;\"><div class=\"fusion-column-wrapper fusion-flex-justify-content-flex-start fusion-content-layout-column\"><div class=\"fusion-title title fusion-title-1 fusion-title-center fusion-title-text fusion-title-size-one\"><div class=\"title-sep-container title-sep-container-left\"><div class=\"title-sep sep- sep-solid\" style=\"border-color:#eff3f9;\"><\/div><\/div><span class=\"awb-title-spacer\"><\/span><h1 class=\"fusion-title-heading title-heading-center\" style=\"margin:0;\">Exploration and Diagnosis<\/h1><span class=\"awb-title-spacer\"><\/span><div class=\"title-sep-container title-sep-container-right\"><div class=\"title-sep sep- sep-solid\" style=\"border-color:#eff3f9;\"><\/div><\/div><\/div><div class=\"fusion-text fusion-text-1\"><p style=\"text-align: justify;\">When the patient comes to the consultation for the first time, the dentist must explore, in addition to the state of the teeth and the presence of cavities, the possible presence of periodontal disease and bleeding gums.<\/p>\n<p style=\"text-align: justify;\">Periodontal disease is the leading cause of tooth loss in the adult population, although most people do not know it. It is very common to have periodontal problems after the age of thirty. This means that some patients will have more or less serious problems of inflammation of the gums and loss of bone supporting the teeth.<\/p>\n<p style=\"text-align: justify;\">Unfortunately, making the diagnosis is not always easy and we all know that in medicine two people do not always react in the same way. Bleeding is one of the common symptoms of swollen gums, but it is not always present. It is common for smokers not to have bleeding.<\/p>\n<p style=\"text-align: justify;\">That is why when we visit the dentist we should always ask about our gum health.<\/p>\n<h4><img class=\"lazyload\" decoding=\"async\" src=\"data:image\/svg+xml,%3Csvg%20xmlns%3D%27http%3A%2F%2Fwww.w3.org%2F2000%2Fsvg%27%20width%3D%27355%27%20height%3D%27131%27%20viewBox%3D%270%200%20355%20131%27%3E%3Crect%20width%3D%27355%27%20height%3D%27131%27%20fill-opacity%3D%220%22%2F%3E%3C%2Fsvg%3E\" data-orig-src=\"https:\/\/clinicadrcasasvilar.com\/wp-content\/uploads\/2021\/06\/trata1.png\" alt=\"bleeding gums problems\" width=\"355\" height=\"131\"><br \/>\n<em>Probe measuring a bag<\/em><\/h4>\n<p style=\"text-align: justify;\">To make the diagnosis, it is essential to use the <strong>Periodontal probe<\/strong>. The probe is an instrument of vital importance for our health. It has a handle and a millimeter tip with a blunt tip so as not to puncture the gum. This instrument must be properly used by expert hands to obtain the necessary information with it.<\/p>\n<h4 class=\"one_half\"><img decoding=\"async\" class=\"lazyload alignnone size-full\" src=\"data:image\/svg+xml,%3Csvg%20xmlns%3D%27http%3A%2F%2Fwww.w3.org%2F2000%2Fsvg%27%20width%3D%27355%27%20height%3D%2778%27%20viewBox%3D%270%200%20355%2078%27%3E%3Crect%20width%3D%27355%27%20height%3D%2778%27%20fill-opacity%3D%220%22%2F%3E%3C%2Fsvg%3E\" data-orig-src=\"https:\/\/clinicadrcasasvilar.com\/wp-content\/uploads\/2021\/06\/trata2.png\" alt=\"treats2\"><em><br \/>\nGraduated probe used for periodontal diagnosis<\/em><\/h4>\n<p style=\"text-align: justify;\">The professional must insert the probe into the space between the tooth and the gum. In healthy conditions, when the gum reaches the tooth, it forms a small fold called sulcus. This fold must be one or two millimeters long, but in situations of inflammation the epithelial junction that joins the gum to the tooth weakens and migrates in depth, so that a greater depth of this fold is produced. The deepest, inflamed fold is called <strong>Periodontal bag<\/strong>.<\/p>\n<p style=\"text-align: justify;\">Consequently, the probe will measure the depth of the periodontal pocket, determining by means of its millimeter engraving the severity of the inflammation and the existing bone loss, since for the union of the gum and tooth to migrate downwards, there must have been previously bone loss.<\/p>\n<p style=\"text-align: justify;\"><img decoding=\"async\" class=\"lazyload size-full wp-image-172 alignnone\" src=\"https:\/\/clinicadrcasasvilar.com\/wp-content\/uploads\/2021\/06\/trata3.png\" data-orig-src=\"https:\/\/clinicadrcasasvilar.com\/wp-content\/uploads\/2021\/06\/trata3.png\" data-sizes=\"auto\" data-orig-sizes=\"(max-width: 529px) 100vw, 529px\" srcset=\"data:image\/svg+xml,%3Csvg%20xmlns%3D%27http%3A%2F%2Fwww.w3.org%2F2000%2Fsvg%27%20width%3D%27529%27%20height%3D%27159%27%20viewBox%3D%270%200%20529%20159%27%3E%3Crect%20width%3D%27529%27%20height%3D%27159%27%20fill-opacity%3D%220%22%2F%3E%3C%2Fsvg%3E\" data-srcset=\"https:\/\/clinicadrcasasvilar.com\/wp-content\/uploads\/2021\/06\/trata3.png 529w, https:\/\/clinicadrcasasvilar.com\/wp-content\/uploads\/2021\/06\/trata3-300x90.png 300w\" alt=\"try3\" width=\"529\" height=\"159\"><\/p>\n<p style=\"text-align: justify;\">In addition to verifying the presence of pockets, the dentist must analyze whether there is tooth mobility, gum recession with exposure of the tooth root, presence of furcation lesions, etc.<\/p>\n<p style=\"text-align: justify;\">To obtain a good diagnosis it is important to have adequate radiographic information. For this we use periapical radiographs and orthopantomographies, which can be performed in our facilities.<\/p>\n<p style=\"text-align: justify;\">With this information, he will configure the periodontal graph and establish a diagnosis of the situation that he will communicate to the patient as well as the treatment plan to correct the situation.<\/p>\n<h4><img decoding=\"async\" class=\"lazyload alignnone\" src=\"data:image\/gif;base64,R0lGODlhAQABAAAAACH5BAEKAAEALAAAAAABAAEAAAICTAEAOw==\" data-orig-src=\"https:\/\/clinicadrcasasvilar.com\/wp-content\/uploads\/2021\/06\/trata4.png\" alt=\"treats4\" width=\"201\"><br \/>\n<em>Periodontogram showing the data of the patient&#039;s gums<\/em><\/h4>\n<p><strong>KEEP IN MIND<\/strong><\/p>\n<ul>\n<li>Healthy gums should not bleed.<\/li>\n<li>There should be no periodontal pockets.<\/li>\n<li>Tooth mobility is an advanced symptom.<\/li>\n<\/ul>\n<\/div><\/div><\/div><\/div><\/div><div class=\"fusion-bg-parallax\" data-bg-align=\"center center\" data-direction=\"right\" data-mute=\"false\" data-opacity=\"100\" data-velocity=\"-0.8\" data-mobile-enabled=\"false\" data-break_parents=\"0\" data-bg-image=\"https:\/\/clinicadrcasasvilar.com\/wp-content\/uploads\/2016\/10\/cta_bg.jpg\" data-bg-repeat=\"false\" ><\/div><div class=\"fusion-fullwidth fullwidth-box fusion-builder-row-2 fusion-flex-container fusion-parallax-right nonhundred-percent-fullwidth non-hundred-percent-height-scrolling lazyload\" style=\"--awb-border-radius-top-left:0px;--awb-border-radius-top-right:0px;--awb-border-radius-bottom-right:0px;--awb-border-radius-bottom-left:0px;--awb-padding-top:80px;--awb-padding-bottom:100px;--awb-background-size:cover;--awb-flex-wrap:wrap;\" data-bg=\"https:\/\/clinicadrcasasvilar.com\/wp-content\/uploads\/2016\/10\/cta_bg.jpg\" ><div class=\"fusion-builder-row fusion-row fusion-flex-align-items-flex-start fusion-flex-content-wrap\" style=\"max-width:calc( 1100px + 0px );margin-left: calc(-0px \/ 2 );margin-right: calc(-0px \/ 2 );\"><div class=\"fusion-layout-column fusion_builder_column fusion-builder-column-1 fusion_builder_column_1_1 1_1 fusion-flex-column\" style=\"--awb-bg-blend:overlay;--awb-bg-size:cover;--awb-width-large:100%;--awb-margin-top-large:3%;--awb-spacing-right-large:0px;--awb-margin-bottom-large:3%;--awb-spacing-left-large:0px;--awb-width-medium:100%;--awb-spacing-right-medium:0px;--awb-spacing-left-medium:0px;--awb-width-small:100%;--awb-spacing-right-small:0px;--awb-spacing-left-small:0px;\"><div class=\"fusion-column-wrapper fusion-flex-justify-content-flex-start fusion-content-layout-column\"><div class=\"fusion-title title fusion-title-2 fusion-title-center fusion-title-text fusion-title-size-two\" style=\"--awb-text-color:#ffffff;--awb-margin-top:30px;--awb-margin-bottom:7%;--awb-font-size:90px;\"><div class=\"title-sep-container title-sep-container-left\"><div class=\"title-sep sep- sep-solid\" style=\"border-color:#eff3f9;\"><\/div><\/div><span class=\"awb-title-spacer\"><\/span><h2 class=\"fusion-title-heading title-heading-center\" style=\"margin:0;font-size:1em;\">Ready to Smile?<\/h2><span class=\"awb-title-spacer\"><\/span><div class=\"title-sep-container title-sep-container-right\"><div class=\"title-sep sep- sep-solid\" style=\"border-color:#eff3f9;\"><\/div><\/div><\/div><div class=\"fusion-separator fusion-full-width-sep\" style=\"align-self: center;margin-left: auto;margin-right: auto;margin-top:15px;width:100%;\"><\/div><div style=\"text-align:center;\"><a class=\"fusion-button button-flat button-xlarge button-custom fusion-button-default button-1 fusion-button-default-span fusion-button-default-type\" style=\"--button_accent_color:#ffffff;--button_accent_hover_color:#6487c2;--button_border_hover_color:#6487c2;--button_gradient_top_color:#5abb12;--button_gradient_bottom_color:#5abb12;--button_gradient_top_color_hover:#ffffff;--button_gradient_bottom_color_hover:#ffffff;\" target=\"_self\" href=\"https:\/\/clinicadrcasasvilar.com\/en\/request-appointment-clinic-dr-vilar\/\"><span class=\"fusion-button-text awb-button__text awb-button__text--default\">make an appointment<\/span><\/a><\/div><\/div><\/div><\/div><\/div>\n<\/p>","protected":false},"excerpt":{"rendered":"","protected":false},"author":5,"featured_media":0,"parent":0,"menu_order":0,"comment_status":"closed","ping_status":"closed","template":"100-width.php","meta":{"footnotes":""},"class_list":["post-898","page","type-page","status-publish","hentry"],"yoast_head":"<!-- This site is optimized with the Yoast SEO Premium plugin v18.1 (Yoast SEO v27.3) - https:\/\/yoast.com\/product\/yoast-seo-premium-wordpress\/ -->\n<title>Exploraci\u00f3n dental | Diagn\u00f3stico odontol\u00f3gico | Salud dental y bucal | Cl\u00ednica dental Dr. Vilar Barcelona<\/title>\n<meta name=\"description\" content=\"Tratamientos en Exploraci\u00f3n dental, Diagn\u00f3stico odontol\u00f3gico, Salud dental y bucal en la Cl\u00ednica dental Dr. Vilar Barcelona.\" \/>\n<meta name=\"robots\" content=\"index, follow, max-snippet:-1, max-image-preview:large, max-video-preview:-1\" \/>\n<link rel=\"canonical\" href=\"https:\/\/clinicadrcasasvilar.com\/en\/scan-and-diagnosis\/\" \/>\n<meta property=\"og:locale\" content=\"en_US\" \/>\n<meta property=\"og:type\" content=\"article\" \/>\n<meta property=\"og:title\" content=\"Exploraci\u00f3n y Diagn\u00f3stico\" \/>\n<meta property=\"og:url\" content=\"https:\/\/clinicadrcasasvilar.com\/en\/scan-and-diagnosis\/\" \/>\n<meta property=\"og:site_name\" content=\"Clinica Dr. Vilar\" \/>\n<meta property=\"article:modified_time\" content=\"2026-02-22T12:29:13+00:00\" \/>\n<meta property=\"og:image\" content=\"https:\/\/clinicadrcasasvilar.com\/wp-content\/uploads\/2021\/06\/trata1.png\" \/>\n<meta name=\"twitter:card\" content=\"summary_large_image\" \/>\n<script type=\"application\/ld+json\" class=\"yoast-schema-graph\">{\"@context\":\"https:\\\/\\\/schema.org\",\"@graph\":[{\"@type\":\"WebPage\",\"@id\":\"https:\\\/\\\/clinicadrcasasvilar.com\\\/exploracion-y-diagnostico\\\/\",\"url\":\"https:\\\/\\\/clinicadrcasasvilar.com\\\/exploracion-y-diagnostico\\\/\",\"name\":\"Exploraci\u00f3n dental | Diagn\u00f3stico odontol\u00f3gico | Salud dental y bucal | Cl\u00ednica dental Dr. Vilar Barcelona\",\"isPartOf\":{\"@id\":\"https:\\\/\\\/clinicadrcasasvilar.com\\\/#website\"},\"primaryImageOfPage\":{\"@id\":\"https:\\\/\\\/clinicadrcasasvilar.com\\\/exploracion-y-diagnostico\\\/#primaryimage\"},\"image\":{\"@id\":\"https:\\\/\\\/clinicadrcasasvilar.com\\\/exploracion-y-diagnostico\\\/#primaryimage\"},\"thumbnailUrl\":\"https:\\\/\\\/clinicadrcasasvilar.com\\\/wp-content\\\/uploads\\\/2021\\\/06\\\/trata1.png\",\"datePublished\":\"2021-05-04T09:20:58+00:00\",\"dateModified\":\"2026-02-22T12:29:13+00:00\",\"description\":\"Tratamientos en Exploraci\u00f3n dental, Diagn\u00f3stico odontol\u00f3gico, Salud dental y bucal en la Cl\u00ednica dental Dr. Vilar Barcelona.\",\"breadcrumb\":{\"@id\":\"https:\\\/\\\/clinicadrcasasvilar.com\\\/exploracion-y-diagnostico\\\/#breadcrumb\"},\"inLanguage\":\"en-US\",\"potentialAction\":[{\"@type\":\"ReadAction\",\"target\":[\"https:\\\/\\\/clinicadrcasasvilar.com\\\/exploracion-y-diagnostico\\\/\"]}]},{\"@type\":\"ImageObject\",\"inLanguage\":\"en-US\",\"@id\":\"https:\\\/\\\/clinicadrcasasvilar.com\\\/exploracion-y-diagnostico\\\/#primaryimage\",\"url\":\"https:\\\/\\\/clinicadrcasasvilar.com\\\/wp-content\\\/uploads\\\/2021\\\/06\\\/trata1.png\",\"contentUrl\":\"https:\\\/\\\/clinicadrcasasvilar.com\\\/wp-content\\\/uploads\\\/2021\\\/06\\\/trata1.png\"},{\"@type\":\"BreadcrumbList\",\"@id\":\"https:\\\/\\\/clinicadrcasasvilar.com\\\/exploracion-y-diagnostico\\\/#breadcrumb\",\"itemListElement\":[{\"@type\":\"ListItem\",\"position\":1,\"name\":\"Inici\",\"item\":\"https:\\\/\\\/clinicadrcasasvilar.com\\\/\"},{\"@type\":\"ListItem\",\"position\":2,\"name\":\"Exploraci\u00f3n y Diagn\u00f3stico\"}]},{\"@type\":\"WebSite\",\"@id\":\"https:\\\/\\\/clinicadrcasasvilar.com\\\/#website\",\"url\":\"https:\\\/\\\/clinicadrcasasvilar.com\\\/\",\"name\":\"Clinica Dr. Vilar\",\"description\":\"Per\u00edodoncia En Exclusiva\",\"publisher\":{\"@id\":\"https:\\\/\\\/clinicadrcasasvilar.com\\\/#organization\"},\"potentialAction\":[{\"@type\":\"SearchAction\",\"target\":{\"@type\":\"EntryPoint\",\"urlTemplate\":\"https:\\\/\\\/clinicadrcasasvilar.com\\\/?s={search_term_string}\"},\"query-input\":{\"@type\":\"PropertyValueSpecification\",\"valueRequired\":true,\"valueName\":\"search_term_string\"}}],\"inLanguage\":\"en-US\"},{\"@type\":\"Organization\",\"@id\":\"https:\\\/\\\/clinicadrcasasvilar.com\\\/#organization\",\"name\":\"Clinica Dental Dr. JJ Vilar\",\"url\":\"https:\\\/\\\/clinicadrcasasvilar.com\\\/\",\"logo\":{\"@type\":\"ImageObject\",\"inLanguage\":\"en-US\",\"@id\":\"https:\\\/\\\/clinicadrcasasvilar.com\\\/#\\\/schema\\\/logo\\\/image\\\/\",\"url\":\"https:\\\/\\\/clinicadrcasasvilar.com\\\/wp-content\\\/uploads\\\/2022\\\/05\\\/LOGO_Clinica_Casas-Vilar.png\",\"contentUrl\":\"https:\\\/\\\/clinicadrcasasvilar.com\\\/wp-content\\\/uploads\\\/2022\\\/05\\\/LOGO_Clinica_Casas-Vilar.png\",\"width\":1024,\"height\":604,\"caption\":\"Clinica Dental Dr. JJ Vilar\"},\"image\":{\"@id\":\"https:\\\/\\\/clinicadrcasasvilar.com\\\/#\\\/schema\\\/logo\\\/image\\\/\"}}]}<\/script>\n<!-- \/ Yoast SEO Premium plugin. -->","yoast_head_json":{"title":"Dental examination | Dental diagnosis | Dental and oral health | Dental clinic Dr. Vilar Barcelona","description":"Treatments in dental exploration, dental diagnosis, dental and oral health at the Dr. Vilar Barcelona Dental Clinic.","robots":{"index":"index","follow":"follow","max-snippet":"max-snippet:-1","max-image-preview":"max-image-preview:large","max-video-preview":"max-video-preview:-1"},"canonical":"https:\/\/clinicadrcasasvilar.com\/en\/scan-and-diagnosis\/","og_locale":"en_US","og_type":"article","og_title":"Exploraci\u00f3n y Diagn\u00f3stico","og_url":"https:\/\/clinicadrcasasvilar.com\/en\/scan-and-diagnosis\/","og_site_name":"Clinica Dr. Vilar","article_modified_time":"2026-02-22T12:29:13+00:00","og_image":[{"url":"https:\/\/clinicadrcasasvilar.com\/wp-content\/uploads\/2021\/06\/trata1.png","type":"","width":"","height":""}],"twitter_card":"summary_large_image","schema":{"@context":"https:\/\/schema.org","@graph":[{"@type":"WebPage","@id":"https:\/\/clinicadrcasasvilar.com\/exploracion-y-diagnostico\/","url":"https:\/\/clinicadrcasasvilar.com\/exploracion-y-diagnostico\/","name":"Dental examination | Dental diagnosis | Dental and oral health | Dental clinic Dr. Vilar Barcelona","isPartOf":{"@id":"https:\/\/clinicadrcasasvilar.com\/#website"},"primaryImageOfPage":{"@id":"https:\/\/clinicadrcasasvilar.com\/exploracion-y-diagnostico\/#primaryimage"},"image":{"@id":"https:\/\/clinicadrcasasvilar.com\/exploracion-y-diagnostico\/#primaryimage"},"thumbnailUrl":"https:\/\/clinicadrcasasvilar.com\/wp-content\/uploads\/2021\/06\/trata1.png","datePublished":"2021-05-04T09:20:58+00:00","dateModified":"2026-02-22T12:29:13+00:00","description":"Treatments in dental exploration, dental diagnosis, dental and oral health at the Dr. Vilar Barcelona Dental Clinic.","breadcrumb":{"@id":"https:\/\/clinicadrcasasvilar.com\/exploracion-y-diagnostico\/#breadcrumb"},"inLanguage":"en-US","potentialAction":[{"@type":"ReadAction","target":["https:\/\/clinicadrcasasvilar.com\/exploracion-y-diagnostico\/"]}]},{"@type":"ImageObject","inLanguage":"en-US","@id":"https:\/\/clinicadrcasasvilar.com\/exploracion-y-diagnostico\/#primaryimage","url":"https:\/\/clinicadrcasasvilar.com\/wp-content\/uploads\/2021\/06\/trata1.png","contentUrl":"https:\/\/clinicadrcasasvilar.com\/wp-content\/uploads\/2021\/06\/trata1.png"},{"@type":"BreadcrumbList","@id":"https:\/\/clinicadrcasasvilar.com\/exploracion-y-diagnostico\/#breadcrumb","itemListElement":[{"@type":"ListItem","position":1,"name":"Inici","item":"https:\/\/clinicadrcasasvilar.com\/"},{"@type":"ListItem","position":2,"name":"Exploraci\u00f3n y Diagn\u00f3stico"}]},{"@type":"WebSite","@id":"https:\/\/clinicadrcasasvilar.com\/#website","url":"https:\/\/clinicadrcasasvilar.com\/","name":"Clinic Dr. Vilar","description":"Exclusive Periodontics","publisher":{"@id":"https:\/\/clinicadrcasasvilar.com\/#organization"},"potentialAction":[{"@type":"SearchAction","target":{"@type":"EntryPoint","urlTemplate":"https:\/\/clinicadrcasasvilar.com\/?s={search_term_string}"},"query-input":{"@type":"PropertyValueSpecification","valueRequired":true,"valueName":"search_term_string"}}],"inLanguage":"en-US"},{"@type":"Organization","@id":"https:\/\/clinicadrcasasvilar.com\/#organization","name":"Dental Clinic Dr. JJ Vilar","url":"https:\/\/clinicadrcasasvilar.com\/","logo":{"@type":"ImageObject","inLanguage":"en-US","@id":"https:\/\/clinicadrcasasvilar.com\/#\/schema\/logo\/image\/","url":"https:\/\/clinicadrcasasvilar.com\/wp-content\/uploads\/2022\/05\/LOGO_Clinica_Casas-Vilar.png","contentUrl":"https:\/\/clinicadrcasasvilar.com\/wp-content\/uploads\/2022\/05\/LOGO_Clinica_Casas-Vilar.png","width":1024,"height":604,"caption":"Clinica Dental Dr. JJ Vilar"},"image":{"@id":"https:\/\/clinicadrcasasvilar.com\/#\/schema\/logo\/image\/"}}]}},"_links":{"self":[{"href":"https:\/\/clinicadrcasasvilar.com\/en\/wp-json\/wp\/v2\/pages\/898","targetHints":{"allow":["GET"]}}],"collection":[{"href":"https:\/\/clinicadrcasasvilar.com\/en\/wp-json\/wp\/v2\/pages"}],"about":[{"href":"https:\/\/clinicadrcasasvilar.com\/en\/wp-json\/wp\/v2\/types\/page"}],"author":[{"embeddable":true,"href":"https:\/\/clinicadrcasasvilar.com\/en\/wp-json\/wp\/v2\/users\/5"}],"replies":[{"embeddable":true,"href":"https:\/\/clinicadrcasasvilar.com\/en\/wp-json\/wp\/v2\/comments?post=898"}],"version-history":[{"count":22,"href":"https:\/\/clinicadrcasasvilar.com\/en\/wp-json\/wp\/v2\/pages\/898\/revisions"}],"predecessor-version":[{"id":2489,"href":"https:\/\/clinicadrcasasvilar.com\/en\/wp-json\/wp\/v2\/pages\/898\/revisions\/2489"}],"wp:attachment":[{"href":"https:\/\/clinicadrcasasvilar.com\/en\/wp-json\/wp\/v2\/media?parent=898"}],"curies":[{"name":"wp","href":"https:\/\/api.w.org\/{rel}","templated":true}]}}