{"id":902,"date":"2021-05-04T09:26:11","date_gmt":"2021-05-04T09:26:11","guid":{"rendered":"https:\/\/clinicadrvilar.com\/v2\/?page_id=902"},"modified":"2026-02-22T12:34:33","modified_gmt":"2026-02-22T12:34:33","slug":"dental-implants","status":"publish","type":"page","link":"https:\/\/clinicadrcasasvilar.com\/en\/implantes-dentales\/","title":{"rendered":"Dental implants"},"content":{"rendered":"<p><div class=\"fusion-fullwidth fullwidth-box fusion-builder-row-1 fusion-flex-container nonhundred-percent-fullwidth non-hundred-percent-height-scrolling\" style=\"--awb-border-radius-top-left:0px;--awb-border-radius-top-right:0px;--awb-border-radius-bottom-right:0px;--awb-border-radius-bottom-left:0px;--awb-padding-right-small:12px;--awb-padding-left-small:12px;--awb-flex-wrap:wrap;\" ><div class=\"fusion-builder-row fusion-row fusion-flex-align-items-flex-start fusion-flex-content-wrap\" style=\"max-width:1144px;margin-left: calc(-4% \/ 2 );margin-right: calc(-4% \/ 2 );\"><div class=\"fusion-layout-column fusion_builder_column fusion-builder-column-0 fusion_builder_column_1_1 1_1 fusion-flex-column\" style=\"--awb-bg-size:cover;--awb-width-large:100%;--awb-margin-top-large:0px;--awb-spacing-right-large:1.92%;--awb-margin-bottom-large:0px;--awb-spacing-left-large:1.92%;--awb-width-medium:100%;--awb-spacing-right-medium:1.92%;--awb-spacing-left-medium:1.92%;--awb-width-small:100%;--awb-spacing-right-small:1.92%;--awb-spacing-left-small:1.92%;\"><div class=\"fusion-column-wrapper fusion-flex-justify-content-flex-start fusion-content-layout-column\"><div class=\"fusion-title title fusion-title-1 fusion-title-center fusion-title-text fusion-title-size-one\" style=\"--awb-margin-top-small:0px;--awb-margin-right-small:0px;--awb-margin-bottom-small:20px;--awb-margin-left-small:0px;\"><div class=\"title-sep-container title-sep-container-left\"><div class=\"title-sep sep- sep-solid\" style=\"border-color:#eff3f9;\"><\/div><\/div><span class=\"awb-title-spacer\"><\/span><h1 class=\"fusion-title-heading title-heading-center\" style=\"margin:0;\">Dental implants<\/h1><span class=\"awb-title-spacer\"><\/span><div class=\"title-sep-container title-sep-container-right\"><div class=\"title-sep sep- sep-solid\" style=\"border-color:#eff3f9;\"><\/div><\/div><\/div><div class=\"fusion-text fusion-text-1\"><p style=\"text-align: justify;\">The replacement of teeth through dental implants is one of the treatments and is the best solution for the permanent replacement of one or more teeth.<\/p>\n<p style=\"text-align: justify;\">Since Professor Branemark made the revolutionary breakthrough on which implant technology is based some 50 years ago, this technique has continued to evolve and gain recognition among dental professionals and patients, who increasingly request this treatment.<\/p>\n<p style=\"text-align: justify;\">Many patients wonder if dental implants are safe for the health of their mouths. This technique is based on extensive scientific research and this has made it possible to achieve reliable results in treatments that provide a great dental aesthetic improvement in the smile and comfort to the patient.<\/p>\n<div class=\"dibuixos\">\n<div class=\"one_third\"><img decoding=\"async\" class=\"lazyload alignnone size-full wp-image-313\" src=\"data:image\/svg+xml,%3Csvg%20xmlns%3D%27http%3A%2F%2Fwww.w3.org%2F2000%2Fsvg%27%20width%3D%27300%27%20height%3D%27188%27%20viewBox%3D%270%200%20300%20188%27%3E%3Crect%20width%3D%27300%27%20height%3D%27188%27%20fill-opacity%3D%220%22%2F%3E%3C%2Fsvg%3E\" data-orig-src=\"https:\/\/clinicadrcasasvilar.com\/wp-content\/uploads\/2021\/06\/implant1.png\" alt=\"specialists in dental implants in Barcelona\" width=\"300\" height=\"188\"><\/div>\n<div class=\"one_third\"><img decoding=\"async\" class=\"lazyload alignnone size-full wp-image-315\" src=\"data:image\/svg+xml,%3Csvg%20xmlns%3D%27http%3A%2F%2Fwww.w3.org%2F2000%2Fsvg%27%20width%3D%27250%27%20height%3D%27138%27%20viewBox%3D%270%200%20250%20138%27%3E%3Crect%20width%3D%27250%27%20height%3D%27138%27%20fill-opacity%3D%220%22%2F%3E%3C%2Fsvg%3E\" data-orig-src=\"https:\/\/clinicadrcasasvilar.com\/wp-content\/uploads\/2021\/06\/implant2.png\" alt=\"molar implant in upper jaw\" width=\"250\" height=\"138\"><\/div>\n<div class=\"one_third last\"><img class=\"lazyload\" decoding=\"async\" src=\"data:image\/svg+xml,%3Csvg%20xmlns%3D%27http%3A%2F%2Fwww.w3.org%2F2000%2Fsvg%27%20width%3D%27133%27%20height%3D%27189%27%20viewBox%3D%270%200%20133%20189%27%3E%3Crect%20width%3D%27133%27%20height%3D%27189%27%20fill-opacity%3D%220%22%2F%3E%3C%2Fsvg%3E\" data-orig-src=\"https:\/\/clinicadrcasasvilar.com\/wp-content\/uploads\/2021\/06\/imp1.png\" alt=\"Replacement of teeth through implants\" width=\"133\" height=\"189\"><\/div>\n<div class=\"clearboth\"><\/div>\n<\/div>\n<p style=\"text-align: justify;\">The dental implant is a titanium screw made in a very special way that is accepted by the body as its own. In this way, the bone grows rapidly around it, producing a stable and lasting union.<\/p>\n<p style=\"text-align: justify;\">We have incorporated modern CAD-CAM computer-guided surgery techniques to place the implants more precisely and safely.<\/p>\n<p style=\"text-align: justify;\">Tooth loss and the lack of permanent teeth is one of the dental problems that requires oral surgery, since it arises in both adults and children. When a child loses a unit of the total denture, it is because the permanent tooth is pushing from the gum to come out. But there are times when a tooth can fall out due to the appearance of untreated cavities, which causes the tooth to end up falling apart or having to be operated on by the different dentists at the dental clinics. In the event that there are no permanent teeth after the fall or extraction, the best option is dental implants performed by a dentist specialized in implantology.<\/p>\n<p style=\"text-align: justify;\">To achieve the replacement of a tooth by means of an implant, it is necessary to place the titanium screw in the maxillary or mandibular bone. An abutment is placed on the implant, which is a titanium or ceramic component that allows a safe adaptation between the implant and the crown.<\/p>\n<p style=\"text-align: justify;\">Finally, the crown is placed, which can be ceramic or resin depending on the situation. Small screws are used to fix these components. To achieve the desired result, it is necessary to make a precise diagnosis of the situation, use the appropriate components at all times, following a strict protocol and a highly precise technique.<\/p>\n<div class=\"title\">\n<h2>ATTRACTIVE AND SAFE RESULTS<\/h2>\n<div class=\"title-sep-container\">\n<div class=\"title-sep\" style=\"text-align: justify;\">Dental implants are an immediate solution and have many advantages compared to traditional solutions of crowns, bridges and removable dentures. Here are several reasons in favor of implants:<\/div>\n<\/div>\n<\/div>\n<div class=\"three_fourth\">\n<p class=\"translation-block\">\u2022 Dental implants look, feel and function like natural teeth.<br> \u2022 The adjoining teeth do not have to be carved to serve as support for the new prosthesis made.<br> \u2022 Placing implants in the bone stimulates bone activity, preventing atrophy that occurs after tooth loss, ensuring an aesthetic and functional result.<br> \u2022 Implants do not require adhesives to support the prosthesis, giving the patient a sense of security, unlike dental prostheses, whether fixed or removable prostheses.<br> \u2022 It is considered a permanent treatment if personal hygiene is adequate, because we must not forget that the implants are placed in a part of the body that contains many bacteria and lack of hygiene can cause infection in the implanted area or in the teeth. from around.<\/p>\n<\/div>\n<div class=\"one_fourth last\"><img decoding=\"async\" class=\"lazyload alignnone size-full wp-image-235\" src=\"https:\/\/clinicadrcasasvilar.com\/wp-content\/uploads\/2021\/06\/imp2.png\" data-orig-src=\"https:\/\/clinicadrcasasvilar.com\/wp-content\/uploads\/2021\/06\/imp2.png\" data-sizes=\"auto\" data-orig-sizes=\"(max-width: 200px) 100vw, 200px\" srcset=\"data:image\/svg+xml,%3Csvg%20xmlns%3D%27http%3A%2F%2Fwww.w3.org%2F2000%2Fsvg%27%20width%3D%27200%27%20height%3D%27153%27%20viewBox%3D%270%200%20200%20153%27%3E%3Crect%20width%3D%27200%27%20height%3D%27153%27%20fill-opacity%3D%220%22%2F%3E%3C%2Fsvg%3E\" data-srcset=\"https:\/\/clinicadrcasasvilar.com\/wp-content\/uploads\/2021\/06\/imp2.png 200w, https:\/\/clinicadrcasasvilar.com\/wp-content\/uploads\/2021\/06\/imp2-180x138.png 180w\" alt=\"imp2\" width=\"200\" height=\"153\"><\/div>\n<div class=\"clearboth\"><\/div>\n<div class=\"title\">\n<h2>TREATMENT METHOD<\/h2>\n<div class=\"title-sep-container\">\n<div class=\"title-sep\"><\/div>\n<\/div>\n<\/div>\n<p><img decoding=\"async\" class=\"lazyload alignleft size-full wp-image-236\" src=\"data:image\/svg+xml,%3Csvg%20xmlns%3D%27http%3A%2F%2Fwww.w3.org%2F2000%2Fsvg%27%20width%3D%27198%27%20height%3D%27223%27%20viewBox%3D%270%200%20198%20223%27%3E%3Crect%20width%3D%27198%27%20height%3D%27223%27%20fill-opacity%3D%220%22%2F%3E%3C%2Fsvg%3E\" data-orig-src=\"https:\/\/clinicadrcasasvilar.com\/wp-content\/uploads\/2021\/06\/imp3.png\" alt=\"imp3\" width=\"198\" height=\"223\"><\/p>\n<p style=\"text-align: justify;\" class=\"translation-block\">1. Pre-examine the situation. The first thing is to discuss the situation and your needs with your dentist or dental clinic. Carry out an adequate examination and use the appropriate diagnostic methods, which include radiographs and scanners.<br> 2. Insertion of the dental implant. Usually the dentist and dentist, who must have a lot of experience in dental implants, prepare the bone very carefully so as not to injure the bone cells, then the implant is placed in the bone so that it is firmly in place and a temporary abutment is placed. to protect it and that no residue enters its interior.<br> 3. The necessary time is waited for the osseous integration of the implant to occur and the temporary abutment is removed, to then place a definitive abutment.<br> 4. An impression of the already placed abutment is made, a final model is obtained on which the crown perfectly adapted to the abutment is made.<\/p>\n<p style=\"text-align: justify;\">Many people wonder what happens if you want to perform dental implants when there is no bone. The solution to this problem is to perform a dental bone graft. This technique is performed to ensure proper bone support for the implants.<\/p>\n<p style=\"text-align: justify;\">Our dentists and team of specialists in dental implants carry out a personalized treatment in Barcelona, they can replace a single tooth, a set of them or all of them.<\/p>\n<p style=\"text-align: justify;\">Currently and on occasions that allow it, the implant(s) and the crown(s) can be placed on them on the same day of surgery. This is what we call the \u201cteeth in one day\u201d and\/or \u201cimmediate loading\u201d technique. This has been a great contribution that has given comfort to patients. In our clinic, however, we must warn that the professional is the one who must finally decide if this is possible or not according to the quality of the patient&#039;s bone and the area to be restored before undergoing oral surgery or maxillofacial surgery. It is also important to know that although this technique is gaining popularity, we do not have the same amount of scientific support that we have with the conventional technique since we have been using it for less time. Remember that we also use protective covers for the teeth, which are of vital importance to avoid dental wear. There is also a treatment for those people who do not have enough gums and the root of the tooth is visible. This treatment is based on performing a gum graft. Gum retraction is an oral problem that can have very harmful consequences and must be treated in the centers by specialists from the Barcelona dental clinic.<\/p>\n<p style=\"text-align: justify;\">In our Barcelona dental clinic we perform dental implants and dental aesthetics, as well as oral surgery (endodontics), wisdom tooth extraction, invisible orthodontics, periodontics and many more specialties. Do not doubt to call me.<\/p>\n<p style=\"text-align: justify;\"><a href=\"https:\/\/clinicadrcasasvilar.com\/en\/contactar\/\">Make an appointment for dentistry or contact us for more information<\/a> over the protective caps on the teeth.<\/p>\n<div class=\"destaquem\">\n<p><strong>THE BEST TREATMENT TO REPLACE TEETH:<\/strong><\/p>\n<ul>\n<li>It is the implant, for the satisfaction it gives.<\/li>\n<li>For safety when eating.<\/li>\n<li>For not needing to lean on adjoining teeth.<\/li>\n<li>Improves self-esteem.<\/li>\n<\/ul>\n<\/div>\n<footer class=\"footer-area\">\n<div class=\"avada-row\">\n<section class=\"columns columns-4\">\n<article class=\"col\">\n<div id=\"text-3\" class=\"footer-widget-col widget_text\"><\/div>\n<\/article>\n<\/section>\n<\/div>\n<\/footer>\n<\/div><\/div><\/div><\/div><\/div><div class=\"fusion-bg-parallax\" data-bg-align=\"center center\" data-direction=\"right\" data-mute=\"false\" data-opacity=\"100\" data-velocity=\"-0.8\" data-mobile-enabled=\"false\" data-break_parents=\"0\" data-bg-image=\"https:\/\/clinicadrcasasvilar.com\/wp-content\/uploads\/2016\/10\/cta_bg.jpg\" data-bg-repeat=\"false\" ><\/div><div class=\"fusion-fullwidth fullwidth-box fusion-builder-row-2 fusion-flex-container fusion-parallax-right nonhundred-percent-fullwidth non-hundred-percent-height-scrolling lazyload\" style=\"--awb-border-radius-top-left:0px;--awb-border-radius-top-right:0px;--awb-border-radius-bottom-right:0px;--awb-border-radius-bottom-left:0px;--awb-padding-top:80px;--awb-padding-bottom:100px;--awb-background-size:cover;--awb-flex-wrap:wrap;\" data-bg=\"https:\/\/clinicadrcasasvilar.com\/wp-content\/uploads\/2016\/10\/cta_bg.jpg\" ><div class=\"fusion-builder-row fusion-row fusion-flex-align-items-flex-start fusion-flex-content-wrap\" style=\"max-width:calc( 1100px + 0px );margin-left: calc(-0px \/ 2 );margin-right: calc(-0px \/ 2 );\"><div class=\"fusion-layout-column fusion_builder_column fusion-builder-column-1 fusion_builder_column_1_1 1_1 fusion-flex-column\" style=\"--awb-bg-blend:overlay;--awb-bg-size:cover;--awb-width-large:100%;--awb-margin-top-large:3%;--awb-spacing-right-large:0px;--awb-margin-bottom-large:3%;--awb-spacing-left-large:0px;--awb-width-medium:100%;--awb-spacing-right-medium:0px;--awb-spacing-left-medium:0px;--awb-width-small:100%;--awb-spacing-right-small:0px;--awb-spacing-left-small:0px;\"><div class=\"fusion-column-wrapper fusion-flex-justify-content-flex-start fusion-content-layout-column\"><div class=\"fusion-title title fusion-title-2 fusion-title-center fusion-title-text fusion-title-size-two\" style=\"--awb-text-color:#ffffff;--awb-margin-top:30px;--awb-margin-bottom:7%;--awb-margin-top-small:0px;--awb-margin-right-small:0px;--awb-margin-bottom-small:20px;--awb-margin-left-small:0px;--awb-font-size:90px;\"><div class=\"title-sep-container title-sep-container-left\"><div class=\"title-sep sep- sep-solid\" style=\"border-color:#eff3f9;\"><\/div><\/div><span class=\"awb-title-spacer\"><\/span><h2 class=\"fusion-title-heading title-heading-center\" style=\"margin:0;font-size:1em;\">Ready to Smile?<\/h2><span class=\"awb-title-spacer\"><\/span><div class=\"title-sep-container title-sep-container-right\"><div class=\"title-sep sep- sep-solid\" style=\"border-color:#eff3f9;\"><\/div><\/div><\/div><div class=\"fusion-separator fusion-full-width-sep\" style=\"align-self: center;margin-left: auto;margin-right: auto;margin-top:15px;width:100%;\"><\/div><div style=\"text-align:center;\"><a class=\"fusion-button button-flat button-xlarge button-custom fusion-button-default button-1 fusion-button-default-span fusion-button-default-type\" style=\"--button_accent_color:#ffffff;--button_accent_hover_color:#6487c2;--button_border_hover_color:#6487c2;--button_gradient_top_color:#5abb12;--button_gradient_bottom_color:#5abb12;--button_gradient_top_color_hover:#ffffff;--button_gradient_bottom_color_hover:#ffffff;\" target=\"_self\" href=\"https:\/\/clinicadrcasasvilar.com\/en\/request-appointment-clinic-dr-vilar\/\"><span class=\"fusion-button-text awb-button__text awb-button__text--default\">make an appointment<\/span><\/a><\/div><\/div><\/div><\/div><\/div>\n<\/p>","protected":false},"excerpt":{"rendered":"","protected":false},"author":5,"featured_media":0,"parent":0,"menu_order":0,"comment_status":"closed","ping_status":"closed","template":"100-width.php","meta":{"footnotes":""},"class_list":["post-902","page","type-page","status-publish","hentry"],"yoast_head":"<!-- This site is optimized with the Yoast SEO Premium plugin v18.1 (Yoast SEO v27.4) - https:\/\/yoast.com\/product\/yoast-seo-premium-wordpress\/ -->\n<title>Cl\u00ednica implantolog\u00eda Dental | Dentista Implant\u00f3logo Dental | Cl\u00ednica dental Dr. Vilar Barcelona<\/title>\n<meta name=\"description\" content=\"Tratamientos de implantolog\u00eda dental en la Cl\u00ednica dental Dr. Vilar en Barcelona con m\u00e1s de 30 a\u00f1os de experiencia. Somos expertos en Salud dental.\" \/>\n<meta name=\"robots\" content=\"index, follow, max-snippet:-1, max-image-preview:large, max-video-preview:-1\" \/>\n<link rel=\"canonical\" href=\"https:\/\/clinicadrcasasvilar.com\/en\/dental-implants\/\" \/>\n<meta property=\"og:locale\" content=\"en_US\" \/>\n<meta property=\"og:type\" content=\"article\" \/>\n<meta property=\"og:title\" content=\"Implantes Dentales\" \/>\n<meta property=\"og:url\" content=\"https:\/\/clinicadrcasasvilar.com\/en\/dental-implants\/\" \/>\n<meta property=\"og:site_name\" content=\"Clinica Dr. Vilar\" \/>\n<meta property=\"article:modified_time\" content=\"2026-02-22T12:34:33+00:00\" \/>\n<meta name=\"twitter:card\" content=\"summary_large_image\" \/>\n<script type=\"application\/ld+json\" class=\"yoast-schema-graph\">{\"@context\":\"https:\\\/\\\/schema.org\",\"@graph\":[{\"@type\":\"WebPage\",\"@id\":\"https:\\\/\\\/clinicadrcasasvilar.com\\\/implantes-dentales\\\/\",\"url\":\"https:\\\/\\\/clinicadrcasasvilar.com\\\/implantes-dentales\\\/\",\"name\":\"Cl\u00ednica implantolog\u00eda Dental | Dentista Implant\u00f3logo Dental | Cl\u00ednica dental Dr. Vilar Barcelona\",\"isPartOf\":{\"@id\":\"https:\\\/\\\/clinicadrcasasvilar.com\\\/#website\"},\"primaryImageOfPage\":{\"@id\":\"https:\\\/\\\/clinicadrcasasvilar.com\\\/implantes-dentales\\\/#primaryimage\"},\"image\":{\"@id\":\"https:\\\/\\\/clinicadrcasasvilar.com\\\/implantes-dentales\\\/#primaryimage\"},\"thumbnailUrl\":\"https:\\\/\\\/clinicadrcasasvilar.com\\\/wp-content\\\/uploads\\\/2021\\\/06\\\/implant1.png\",\"datePublished\":\"2021-05-04T09:26:11+00:00\",\"dateModified\":\"2026-02-22T12:34:33+00:00\",\"description\":\"Tratamientos de implantolog\u00eda dental en la Cl\u00ednica dental Dr. Vilar en Barcelona con m\u00e1s de 30 a\u00f1os de experiencia. Somos expertos en Salud dental.\",\"breadcrumb\":{\"@id\":\"https:\\\/\\\/clinicadrcasasvilar.com\\\/implantes-dentales\\\/#breadcrumb\"},\"inLanguage\":\"en-US\",\"potentialAction\":[{\"@type\":\"ReadAction\",\"target\":[\"https:\\\/\\\/clinicadrcasasvilar.com\\\/implantes-dentales\\\/\"]}]},{\"@type\":\"ImageObject\",\"inLanguage\":\"en-US\",\"@id\":\"https:\\\/\\\/clinicadrcasasvilar.com\\\/implantes-dentales\\\/#primaryimage\",\"url\":\"https:\\\/\\\/clinicadrcasasvilar.com\\\/wp-content\\\/uploads\\\/2021\\\/06\\\/implant1.png\",\"contentUrl\":\"https:\\\/\\\/clinicadrcasasvilar.com\\\/wp-content\\\/uploads\\\/2021\\\/06\\\/implant1.png\"},{\"@type\":\"BreadcrumbList\",\"@id\":\"https:\\\/\\\/clinicadrcasasvilar.com\\\/implantes-dentales\\\/#breadcrumb\",\"itemListElement\":[{\"@type\":\"ListItem\",\"position\":1,\"name\":\"Inici\",\"item\":\"https:\\\/\\\/clinicadrcasasvilar.com\\\/\"},{\"@type\":\"ListItem\",\"position\":2,\"name\":\"Implantes Dentales\"}]},{\"@type\":\"WebSite\",\"@id\":\"https:\\\/\\\/clinicadrcasasvilar.com\\\/#website\",\"url\":\"https:\\\/\\\/clinicadrcasasvilar.com\\\/\",\"name\":\"Clinica Dr. Vilar\",\"description\":\"Per\u00edodoncia En Exclusiva\",\"publisher\":{\"@id\":\"https:\\\/\\\/clinicadrcasasvilar.com\\\/#organization\"},\"potentialAction\":[{\"@type\":\"SearchAction\",\"target\":{\"@type\":\"EntryPoint\",\"urlTemplate\":\"https:\\\/\\\/clinicadrcasasvilar.com\\\/?s={search_term_string}\"},\"query-input\":{\"@type\":\"PropertyValueSpecification\",\"valueRequired\":true,\"valueName\":\"search_term_string\"}}],\"inLanguage\":\"en-US\"},{\"@type\":\"Organization\",\"@id\":\"https:\\\/\\\/clinicadrcasasvilar.com\\\/#organization\",\"name\":\"Clinica Dental Dr. JJ Vilar\",\"url\":\"https:\\\/\\\/clinicadrcasasvilar.com\\\/\",\"logo\":{\"@type\":\"ImageObject\",\"inLanguage\":\"en-US\",\"@id\":\"https:\\\/\\\/clinicadrcasasvilar.com\\\/#\\\/schema\\\/logo\\\/image\\\/\",\"url\":\"https:\\\/\\\/clinicadrcasasvilar.com\\\/wp-content\\\/uploads\\\/2022\\\/05\\\/LOGO_Clinica_Casas-Vilar.png\",\"contentUrl\":\"https:\\\/\\\/clinicadrcasasvilar.com\\\/wp-content\\\/uploads\\\/2022\\\/05\\\/LOGO_Clinica_Casas-Vilar.png\",\"width\":1024,\"height\":604,\"caption\":\"Clinica Dental Dr. JJ Vilar\"},\"image\":{\"@id\":\"https:\\\/\\\/clinicadrcasasvilar.com\\\/#\\\/schema\\\/logo\\\/image\\\/\"}}]}<\/script>\n<!-- \/ Yoast SEO Premium plugin. -->","yoast_head_json":{"title":"Dental implantology clinic | Dental Implantologist Dentist | Dental clinic Dr. Vilar Barcelona","description":"Dental implantology treatments at the Dr. Vilar Dental Clinic in Barcelona with more than 30 years of experience. We are experts in dental health.","robots":{"index":"index","follow":"follow","max-snippet":"max-snippet:-1","max-image-preview":"max-image-preview:large","max-video-preview":"max-video-preview:-1"},"canonical":"https:\/\/clinicadrcasasvilar.com\/en\/dental-implants\/","og_locale":"en_US","og_type":"article","og_title":"Implantes Dentales","og_url":"https:\/\/clinicadrcasasvilar.com\/en\/dental-implants\/","og_site_name":"Clinica Dr. Vilar","article_modified_time":"2026-02-22T12:34:33+00:00","twitter_card":"summary_large_image","schema":{"@context":"https:\/\/schema.org","@graph":[{"@type":"WebPage","@id":"https:\/\/clinicadrcasasvilar.com\/implantes-dentales\/","url":"https:\/\/clinicadrcasasvilar.com\/implantes-dentales\/","name":"Dental implantology clinic | Dental Implantologist Dentist | Dental clinic Dr. Vilar Barcelona","isPartOf":{"@id":"https:\/\/clinicadrcasasvilar.com\/#website"},"primaryImageOfPage":{"@id":"https:\/\/clinicadrcasasvilar.com\/implantes-dentales\/#primaryimage"},"image":{"@id":"https:\/\/clinicadrcasasvilar.com\/implantes-dentales\/#primaryimage"},"thumbnailUrl":"https:\/\/clinicadrcasasvilar.com\/wp-content\/uploads\/2021\/06\/implant1.png","datePublished":"2021-05-04T09:26:11+00:00","dateModified":"2026-02-22T12:34:33+00:00","description":"Dental implantology treatments at the Dr. Vilar Dental Clinic in Barcelona with more than 30 years of experience. We are experts in dental health.","breadcrumb":{"@id":"https:\/\/clinicadrcasasvilar.com\/implantes-dentales\/#breadcrumb"},"inLanguage":"en-US","potentialAction":[{"@type":"ReadAction","target":["https:\/\/clinicadrcasasvilar.com\/implantes-dentales\/"]}]},{"@type":"ImageObject","inLanguage":"en-US","@id":"https:\/\/clinicadrcasasvilar.com\/implantes-dentales\/#primaryimage","url":"https:\/\/clinicadrcasasvilar.com\/wp-content\/uploads\/2021\/06\/implant1.png","contentUrl":"https:\/\/clinicadrcasasvilar.com\/wp-content\/uploads\/2021\/06\/implant1.png"},{"@type":"BreadcrumbList","@id":"https:\/\/clinicadrcasasvilar.com\/implantes-dentales\/#breadcrumb","itemListElement":[{"@type":"ListItem","position":1,"name":"Inici","item":"https:\/\/clinicadrcasasvilar.com\/"},{"@type":"ListItem","position":2,"name":"Implantes Dentales"}]},{"@type":"WebSite","@id":"https:\/\/clinicadrcasasvilar.com\/#website","url":"https:\/\/clinicadrcasasvilar.com\/","name":"Clinic Dr. Vilar","description":"Exclusive Periodontics","publisher":{"@id":"https:\/\/clinicadrcasasvilar.com\/#organization"},"potentialAction":[{"@type":"SearchAction","target":{"@type":"EntryPoint","urlTemplate":"https:\/\/clinicadrcasasvilar.com\/?s={search_term_string}"},"query-input":{"@type":"PropertyValueSpecification","valueRequired":true,"valueName":"search_term_string"}}],"inLanguage":"en-US"},{"@type":"Organization","@id":"https:\/\/clinicadrcasasvilar.com\/#organization","name":"Dental Clinic Dr. JJ Vilar","url":"https:\/\/clinicadrcasasvilar.com\/","logo":{"@type":"ImageObject","inLanguage":"en-US","@id":"https:\/\/clinicadrcasasvilar.com\/#\/schema\/logo\/image\/","url":"https:\/\/clinicadrcasasvilar.com\/wp-content\/uploads\/2022\/05\/LOGO_Clinica_Casas-Vilar.png","contentUrl":"https:\/\/clinicadrcasasvilar.com\/wp-content\/uploads\/2022\/05\/LOGO_Clinica_Casas-Vilar.png","width":1024,"height":604,"caption":"Clinica Dental Dr. JJ Vilar"},"image":{"@id":"https:\/\/clinicadrcasasvilar.com\/#\/schema\/logo\/image\/"}}]}},"_links":{"self":[{"href":"https:\/\/clinicadrcasasvilar.com\/en\/wp-json\/wp\/v2\/pages\/902","targetHints":{"allow":["GET"]}}],"collection":[{"href":"https:\/\/clinicadrcasasvilar.com\/en\/wp-json\/wp\/v2\/pages"}],"about":[{"href":"https:\/\/clinicadrcasasvilar.com\/en\/wp-json\/wp\/v2\/types\/page"}],"author":[{"embeddable":true,"href":"https:\/\/clinicadrcasasvilar.com\/en\/wp-json\/wp\/v2\/users\/5"}],"replies":[{"embeddable":true,"href":"https:\/\/clinicadrcasasvilar.com\/en\/wp-json\/wp\/v2\/comments?post=902"}],"version-history":[{"count":8,"href":"https:\/\/clinicadrcasasvilar.com\/en\/wp-json\/wp\/v2\/pages\/902\/revisions"}],"predecessor-version":[{"id":2491,"href":"https:\/\/clinicadrcasasvilar.com\/en\/wp-json\/wp\/v2\/pages\/902\/revisions\/2491"}],"wp:attachment":[{"href":"https:\/\/clinicadrcasasvilar.com\/en\/wp-json\/wp\/v2\/media?parent=902"}],"curies":[{"name":"wp","href":"https:\/\/api.w.org\/{rel}","templated":true}]}}